{"id":14289,"date":"2025-01-01T14:05:49","date_gmt":"2025-01-01T14:05:49","guid":{"rendered":"https:\/\/touringcars.com\/?page_id=14289"},"modified":"2025-02-26T17:36:10","modified_gmt":"2025-02-26T17:36:10","slug":"tjanster-for-foretag","status":"publish","type":"page","link":"https:\/\/www.touringcars.com\/sv\/about-us\/tjanster-for-foretag\/","title":{"rendered":"Tj\u00e4nster f\u00f6r F\u00f6retag"},"content":{"rendered":"<section class=\"block block-hero text-style-white image-style-full\">\r\n    <div class=\"container container-full\">\r\n        <div class=\"glide image-slider\" data-uid=\"69f274fe59cc3\"><div class=\"glide__track\" data-glide-el=\"track\"><ul class=\"glide__slides\"><li class=\"glide__slide\"><img decoding=\"async\" src=\"https:\/\/www.touringcars.com\/wp-content\/uploads\/2025\/02\/company-advertising_0.jpg-558x145.webp\" srcset=\"https:\/\/www.touringcars.com\/wp-content\/uploads\/2025\/02\/company-advertising_0.jpg-300x78.webp 300w, https:\/\/www.touringcars.com\/wp-content\/uploads\/2025\/02\/company-advertising_0.jpg-1024x267.webp 1024w, https:\/\/www.touringcars.com\/wp-content\/uploads\/2025\/02\/company-advertising_0.jpg-768x200.webp 768w, https:\/\/www.touringcars.com\/wp-content\/uploads\/2025\/02\/company-advertising_0.jpg-1536x400.webp 1536w, https:\/\/www.touringcars.com\/wp-content\/uploads\/2025\/02\/company-advertising_0.jpg-1400x365.webp 1400w, https:\/\/www.touringcars.com\/wp-content\/uploads\/2025\/02\/company-advertising_0.jpg-714x186.webp 714w, https:\/\/www.touringcars.com\/wp-content\/uploads\/2025\/02\/company-advertising_0.jpg-558x145.webp 558w, https:\/\/www.touringcars.com\/wp-content\/uploads\/2025\/02\/company-advertising_0.jpg.webp 1920w\" alt=\"company-advertising_0.jpg\" data-no-lazy=\"1\" fetchpriority=\"high\"><\/li><\/ul><\/div><div class=\"glide__controls\"><div class=\"glide__arrows\" data-glide-el=\"controls\"><span class=\"glide__arrow glide__arrow--left\" aria-label=\"V\u00e4nster\" data-glide-dir=\"<\"><\/span><span class=\"glide__arrow glide__arrow--right\" aria-label=\"H\u00f6ger\" data-glide-dir=\">&#8221;><\/span><\/div><\/div><\/div><div class=\"hero-container\"><div class=\"breadcrumbs-container\"><ol><li><a href=\"https:\/\/www.touringcars.com\/sv\/\"><span>Touring Cars<\/span><\/a><\/li><\/ol><\/div><h1>Tj\u00e4nster f\u00f6r F\u00f6retag<\/h1><\/div>    <\/div>\r\n    <\/section>\n\n<section class=\"block block-basic\">\r\n    <div class=\"container\">\r\n        <div class=\"content-container reveal\">\r\n            <h2>Beh\u00f6ver du ett praktiskt, multifunktionellt utrymme f\u00f6r ditt f\u00f6retag eller tillf\u00e4llig extra kapacitet f\u00f6r din lokala uthyrningsstation?<\/h2><p>Husbilar \u00e4r praktiska f\u00f6r organisationer, fackf\u00f6reningar och f\u00f6reningar som ett r\u00f6rligt, rymligt utrymme f\u00f6r kort tillf\u00e4lligt behov eller fast l\u00e5ngtidsanv\u00e4ndning. V\u00e5r sanerade, individuellt utrustade husbil kan ocks\u00e5 vara den perfekta l\u00f6sningen f\u00f6r ditt operationsrum eller lokal kapacitetsbrist.<\/p>\n<p>Kontakta Touring Cars husbilsuthyrning som \u00e4r n\u00e4rmast ditt kontor och l\u00e5t oss hj\u00e4lpa dig med v\u00e5r bred, moderna flotta och engagerade personal.<\/p>\n<div class=\"buttons\"><a href=\"https:\/\/www.touringcars.com\/sv\/kontaktinformationen\/\" class=\"btn btn-wide\">Kontakt oss<\/a><\/div>        <\/div>\r\n    <\/div>\r\n<\/section>\n\n<section class=\"block block-columns\">\r\n    <div class=\"container\">\r\n                <div class=\"columns columns-3\">\r\n            <div class=\"column\"><div class=\"image-container reveal\"><img decoding=\"async\" src=\"https:\/\/www.touringcars.com\/wp-content\/uploads\/2025\/02\/pexels-fauxels-office-table-working-internal-business-group.jpg-525x300.webp\" srcset=\"https:\/\/www.touringcars.com\/wp-content\/uploads\/2025\/02\/pexels-fauxels-office-table-working-internal-business-group.jpg-300x171.webp 300w, https:\/\/www.touringcars.com\/wp-content\/uploads\/2025\/02\/pexels-fauxels-office-table-working-internal-business-group.jpg-1024x585.webp 1024w, https:\/\/www.touringcars.com\/wp-content\/uploads\/2025\/02\/pexels-fauxels-office-table-working-internal-business-group.jpg-768x439.webp 768w, https:\/\/www.touringcars.com\/wp-content\/uploads\/2025\/02\/pexels-fauxels-office-table-working-internal-business-group.jpg-1038x593.webp 1038w, https:\/\/www.touringcars.com\/wp-content\/uploads\/2025\/02\/pexels-fauxels-office-table-working-internal-business-group.jpg-714x408.webp 714w, https:\/\/www.touringcars.com\/wp-content\/uploads\/2025\/02\/pexels-fauxels-office-table-working-internal-business-group.jpg-525x300.webp 525w, https:\/\/www.touringcars.com\/wp-content\/uploads\/2025\/02\/pexels-fauxels-office-table-working-internal-business-group.jpg.webp 1400w\" alt=\"pexels-fauxels-office-table-working-internal-business-group.jpg\" width=\"1400\" height=\"800\"><\/div><div class=\"content-container reveal\"><h3>Smart l\u00f6sning f\u00f6r rumsbrist<\/h3><p>Distanskontor eller ett verksamhetsutrymme i obest\u00e4md tid eller ett extra m\u00f6tesrum f\u00f6r ett akut behov p\u00e5 kort sikt<\/p>\n<\/div><\/div><div class=\"column\"><div class=\"image-container reveal\"><img decoding=\"async\" src=\"https:\/\/www.touringcars.com\/wp-content\/uploads\/2025\/02\/hobby-motorhome-interior.jpg-525x300.webp\" srcset=\"https:\/\/www.touringcars.com\/wp-content\/uploads\/2025\/02\/hobby-motorhome-interior.jpg-300x171.webp 300w, https:\/\/www.touringcars.com\/wp-content\/uploads\/2025\/02\/hobby-motorhome-interior.jpg-1024x585.webp 1024w, https:\/\/www.touringcars.com\/wp-content\/uploads\/2025\/02\/hobby-motorhome-interior.jpg-768x439.webp 768w, https:\/\/www.touringcars.com\/wp-content\/uploads\/2025\/02\/hobby-motorhome-interior.jpg-1038x593.webp 1038w, https:\/\/www.touringcars.com\/wp-content\/uploads\/2025\/02\/hobby-motorhome-interior.jpg-714x408.webp 714w, https:\/\/www.touringcars.com\/wp-content\/uploads\/2025\/02\/hobby-motorhome-interior.jpg-525x300.webp 525w, https:\/\/www.touringcars.com\/wp-content\/uploads\/2025\/02\/hobby-motorhome-interior.jpg.webp 1400w\" alt=\"hobby-motorhome-interior.jpg\" width=\"1400\" height=\"800\"><\/div><div class=\"content-container reveal\"><h3>Hemtrevligt boende p\u00e5 plats<\/h3><p>Privat,\u00a0premiumhotellrum p\u00e5 hjul bredvid arbetsplatsen eller fabriksomr\u00e5det<\/p>\n<\/div><\/div><div class=\"column\"><div class=\"image-container reveal\"><img decoding=\"async\" src=\"https:\/\/www.touringcars.com\/wp-content\/uploads\/2025\/02\/Image_Touring-Cars-Customer_Eric-Lindqvist_Active-holiday-with-a-motorhome-in-Europe.jpg-1-525x300.webp\" srcset=\"https:\/\/www.touringcars.com\/wp-content\/uploads\/2025\/02\/Image_Touring-Cars-Customer_Eric-Lindqvist_Active-holiday-with-a-motorhome-in-Europe.jpg-1-300x171.webp 300w, https:\/\/www.touringcars.com\/wp-content\/uploads\/2025\/02\/Image_Touring-Cars-Customer_Eric-Lindqvist_Active-holiday-with-a-motorhome-in-Europe.jpg-1-1024x585.webp 1024w, https:\/\/www.touringcars.com\/wp-content\/uploads\/2025\/02\/Image_Touring-Cars-Customer_Eric-Lindqvist_Active-holiday-with-a-motorhome-in-Europe.jpg-1-768x439.webp 768w, https:\/\/www.touringcars.com\/wp-content\/uploads\/2025\/02\/Image_Touring-Cars-Customer_Eric-Lindqvist_Active-holiday-with-a-motorhome-in-Europe.jpg-1-1038x593.webp 1038w, https:\/\/www.touringcars.com\/wp-content\/uploads\/2025\/02\/Image_Touring-Cars-Customer_Eric-Lindqvist_Active-holiday-with-a-motorhome-in-Europe.jpg-1-714x408.webp 714w, https:\/\/www.touringcars.com\/wp-content\/uploads\/2025\/02\/Image_Touring-Cars-Customer_Eric-Lindqvist_Active-holiday-with-a-motorhome-in-Europe.jpg-1-525x300.webp 525w, https:\/\/www.touringcars.com\/wp-content\/uploads\/2025\/02\/Image_Touring-Cars-Customer_Eric-Lindqvist_Active-holiday-with-a-motorhome-in-Europe.jpg-1.webp 1400w\" alt=\"Image_Touring Cars Customer_Eric Lindqvist_Active holiday with a motorhome in Europe.jpg\" width=\"1400\" height=\"800\"><\/div><div class=\"content-container reveal\"><h3>Anpassade faciliteter<\/h3><p>R\u00f6rlig backstage f\u00f6r en evenemang, individuellt insvept med reklam f\u00f6r en PR-tur eller ett praktiskt utrymme f\u00f6r personal och f\u00f6rvaring f\u00f6r en filminspelningsplats<\/p>\n<\/div><\/div>        <\/div>\r\n    <\/div>\r\n<\/section>\n\n<section class=\"block block-basic\">\r\n    <div class=\"container\">\r\n        <div class=\"content-container reveal\">\r\n            <h2>Beh\u00f6ver du ett praktiskt, multifunktionellt utrymme f\u00f6r ditt f\u00f6retag eller tillf\u00e4llig extra kapacitet f\u00f6r din lokala uthyrningsstation?<\/h2><p>Husbilar \u00e4r praktiska f\u00f6r organisationer, fackf\u00f6reningar och f\u00f6reningar som ett r\u00f6rligt, rymligt utrymme f\u00f6r kort tillf\u00e4lligt behov eller fast l\u00e5ngtidsanv\u00e4ndning. V\u00e5r sanerade, individuellt utrustade husbil kan ocks\u00e5 vara den perfekta l\u00f6sningen f\u00f6r ditt operationsrum eller lokal kapacitetsbrist.<\/p>\n<p>Kontakta Touring Cars husbilsuthyrning som \u00e4r n\u00e4rmast ditt kontor och l\u00e5t oss hj\u00e4lpa dig med v\u00e5r bred, moderna flotta och engagerade personal.<\/p>\n<div class=\"buttons\"><a href=\"https:\/\/www.touringcars.com\/sv\/kontaktinformationen\/\" class=\"btn btn-wide\">Kontakt oss<\/a><\/div>        <\/div>\r\n    <\/div>\r\n<\/section>\n\n<section style=\"background-image: url(https:\/\/www.touringcars.com\/wp-content\/uploads\/2022\/09\/HOBBY20BLOG20COLD20WEATHER202.jpg)\" class=\"block block-centertext bg-image\">\r\n    <div class=\"container\">\r\n        <div class=\"content-container reveal\">\r\n            <h2>Inkomst genom att \u00e4ga husbil<\/h2><h4>S\u00f6ker ni efter ett l\u00f6nsamt investeringsalternativ med garanterad \u00e5rliga inkomst?<\/h4>\n<p class=\"text-align-center\">Mer information om TC Motorhome Investment Return program fr\u00e5n v\u00e5r lokala, yrkesm\u00e4ssiga bilf\u00f6rs\u00e4ljare.<\/p>\n        <\/div>\r\n    <\/div>\r\n<\/section>\n\n<section class=\"block block-basic\">\r\n    <div class=\"container\">\r\n        <div class=\"content-container reveal\">\r\n            <h2>V\u00e4lj europeisk aff\u00e4rspionj\u00e4r som din p\u00e5litliga partner<\/h2><p>Touring Cars \u00e4r en av de \u00e4ldsta leverant\u00f6rerna av husbilsuthyrning, bilf\u00f6rs\u00e4ljning och underh\u00e5llstj\u00e4nster i Europa. V\u00e5r sp\u00e4nnande resa b\u00f6rjade redan 1982 i Finland och vi har fortsatt v\u00e4xa till en av de st\u00f6rsta akt\u00f6rerna inom v\u00e5r aff\u00e4rssektor i Europa.<\/p>\n<p>F\u00f6r n\u00e4rvarande erbjuder Touring Cars professionella husbilstj\u00e4nster i 7 l\u00e4nder. Uthyrningsstationer och fordonsf\u00f6rs\u00e4ljningsfunktioner opereras av h\u00e4ngivna lokala entrepren\u00f6rer enligt v\u00e5rt bepr\u00f6vade koncept, med specificerad kvalitet, p\u00e5litlighet och driftstandard.<\/p>\n<p>Offret genom hela Touring Cars franchisekedja inneh\u00e5ller \u00f6verl\u00e4gsna, moms-avdragsgilla fordon och brett urval av professionella, h\u00f6gt rankade tj\u00e4nster f\u00f6r individer och organisationer.<\/p>\n<div class=\"buttons\"><a href=\"https:\/\/www.touringcars.com\/en\/touring-cars-motorhome-rentals-europe\" class=\"btn btn-wide\">Mer om oss<\/a><\/div>        <\/div>\r\n    <\/div>\r\n<\/section>","protected":false},"excerpt":{"rendered":"","protected":false},"author":4,"featured_media":18633,"parent":14169,"menu_order":471,"comment_status":"closed","ping_status":"closed","template":"","meta":{"_acf_changed":false,"footnotes":""},"class_list":["post-14289","page","type-page","status-publish","has-post-thumbnail","hentry"],"acf":[],"_links":{"self":[{"href":"https:\/\/www.touringcars.com\/sv\/wp-json\/wp\/v2\/pages\/14289","targetHints":{"allow":["GET"]}}],"collection":[{"href":"https:\/\/www.touringcars.com\/sv\/wp-json\/wp\/v2\/pages"}],"about":[{"href":"https:\/\/www.touringcars.com\/sv\/wp-json\/wp\/v2\/types\/page"}],"author":[{"embeddable":true,"href":"https:\/\/www.touringcars.com\/sv\/wp-json\/wp\/v2\/users\/4"}],"replies":[{"embeddable":true,"href":"https:\/\/www.touringcars.com\/sv\/wp-json\/wp\/v2\/comments?post=14289"}],"version-history":[{"count":1,"href":"https:\/\/www.touringcars.com\/sv\/wp-json\/wp\/v2\/pages\/14289\/revisions"}],"predecessor-version":[{"id":14290,"href":"https:\/\/www.touringcars.com\/sv\/wp-json\/wp\/v2\/pages\/14289\/revisions\/14290"}],"up":[{"embeddable":true,"href":"https:\/\/www.touringcars.com\/sv\/wp-json\/wp\/v2\/pages\/14169"}],"wp:featuredmedia":[{"embeddable":true,"href":"https:\/\/www.touringcars.com\/sv\/wp-json\/wp\/v2\/media\/18633"}],"wp:attachment":[{"href":"https:\/\/www.touringcars.com\/sv\/wp-json\/wp\/v2\/media?parent=14289"}],"curies":[{"name":"wp","href":"https:\/\/api.w.org\/{rel}","templated":true}]}}