{"id":14165,"date":"2025-02-05T08:22:05","date_gmt":"2025-02-05T08:22:05","guid":{"rendered":"https:\/\/touringcars.com\/motorhome-lifestyle\/"},"modified":"2025-03-08T13:38:04","modified_gmt":"2025-03-08T13:38:04","slug":"bobilen-som-livsstil","status":"publish","type":"page","link":"https:\/\/www.touringcars.com\/no\/bobilen-som-livsstil\/","title":{"rendered":"Bobilen som livsstil"},"content":{"rendered":"<section class=\"block block-hero text-style-white image-style-full\">\r\n    <div class=\"container container-full\">\r\n        <div class=\"image-slider video-container\"><div class=\"glide__slide\"><img decoding=\"async\" src=\"https:\/\/www.touringcars.com\/wp-content\/uploads\/2025\/02\/carado-imagebank-data_VE_Semi-Integrated_T447_PI_2024_0112_21-31-41_web-890x593.jpg\" srcset=\"https:\/\/www.touringcars.com\/wp-content\/uploads\/2025\/02\/carado-imagebank-data_VE_Semi-Integrated_T447_PI_2024_0112_21-31-41_web-300x200.jpg 300w, https:\/\/www.touringcars.com\/wp-content\/uploads\/2025\/02\/carado-imagebank-data_VE_Semi-Integrated_T447_PI_2024_0112_21-31-41_web-1024x682.jpg 1024w, https:\/\/www.touringcars.com\/wp-content\/uploads\/2025\/02\/carado-imagebank-data_VE_Semi-Integrated_T447_PI_2024_0112_21-31-41_web-768x512.jpg 768w, https:\/\/www.touringcars.com\/wp-content\/uploads\/2025\/02\/carado-imagebank-data_VE_Semi-Integrated_T447_PI_2024_0112_21-31-41_web-1536x1024.jpg 1536w, https:\/\/www.touringcars.com\/wp-content\/uploads\/2025\/02\/carado-imagebank-data_VE_Semi-Integrated_T447_PI_2024_0112_21-31-41_web-2048x1365.jpg 2048w, https:\/\/www.touringcars.com\/wp-content\/uploads\/2025\/02\/carado-imagebank-data_VE_Semi-Integrated_T447_PI_2024_0112_21-31-41_web-890x593.jpg 890w, https:\/\/www.touringcars.com\/wp-content\/uploads\/2025\/02\/carado-imagebank-data_VE_Semi-Integrated_T447_PI_2024_0112_21-31-41_web-714x476.jpg 714w, https:\/\/www.touringcars.com\/wp-content\/uploads\/2025\/02\/carado-imagebank-data_VE_Semi-Integrated_T447_PI_2024_0112_21-31-41_web-450x300.jpg 450w, https:\/\/www.touringcars.com\/wp-content\/uploads\/2025\/02\/carado-imagebank-data_VE_Semi-Integrated_T447_PI_2024_0112_21-31-41_web-367x245.jpg 367w\" alt=\"_carado-imagebank-data_VE_Semi-Integrated_T447_PI_2024_0112_21-31-41_web\" loading=\"eager\" data-no-lazy=\"1\" fetchpriority=\"high\"><video autoplay loop muted playsinline><source src=\"https:\/\/player.vimeo.com\/progressive_redirect\/playback\/1061162400\/rendition\/1440p\/file.mp4?loc=external&#038;log_user=0&#038;signature=35658f01a25927598512e9211cb4e1d723984df1199f04ad27ec7dc6a36e1825&#038;user_id=69721377\" type=\"video\/mp4\"><\/video><\/div><\/div><div class=\"hero-container\"><div class=\"breadcrumbs-container\"><ol><li><a href=\"https:\/\/www.touringcars.com\/no\/\"><span>Touring Cars<\/span><\/a><\/li><\/ol><\/div><h1>Bobilen som livsstil<\/h1><\/div>    <\/div>\r\n    <div class=\"container\"><form class=\"availability-search\"><div class=\"form-row\"><div class=\"form-col form-col-clearable input-icon input-icon-map\" data-target=\"where\"><label for=\"where\">Hvor skal jeg dra?<\/label><input type=\"text\" class=\"form-control\" id=\"where\" name=\"where\" placeholder=\"Hvor skal jeg dra?\"><\/div><div class=\"form-col form-col-clearable input-icon input-icon-calendar\" data-target=\"when\"><label for=\"when\">N\u00e5r skal jeg dra?<\/label><input type=\"text\" class=\"form-control\" id=\"when\" name=\"when\" placeholder=\"N\u00e5r skal jeg dra?\" disabled><\/div><div class=\"form-col\"><button type=\"submit\" class=\"btn\">Kom i gang<\/button><\/div><\/div><a href=\"https:\/\/www.touringcars.com\/no\/user\/login\/\">Har du allerede booket? Administrer bestilling<\/a><\/form><\/div><\/section>\n\n<section class=\"block block-basic bottom-spacing-zero\">\r\n    <div class=\"container\">\r\n        <div class=\"content-container reveal\">\r\n            <h2>Toppen av frihet \u2013 \u00e5 legge ut p\u00e5 veien med en leid bobil<\/h2><p>Er du ute etter et morsomt\u00a0eventyr\u00a0med masser av glede,\u00a0avslapning\u00a0og samv\u00e6r? Uansett om du er en\u00a0naturentusiast\u00a0med sterk interesse for fotturer p\u00e5 magiske naturstier, eller du \u00f8nsker \u00e5 vite mer om lokal historie, oppleve ekte lokal\u00a0kultur\u00a0eller delta under\u00a0sesongens fester, festivaler\u00a0eller andre morsomme arrangementer, s\u00e5 gj\u00f8r bobilene det mulig \u00e5 oppleve eventyret. Vi vil sv\u00e6rt gjerne gi deg en ferie med stor frihet og inkludere deg i det sterke og engasjerte fellesskapet som har bobilen som livsstil.<\/p>\n        <\/div>\r\n    <\/div>\r\n<\/section>\n\n<section class=\"block block-basic\">\r\n    <div class=\"container\">\r\n        <div class=\"content-container reveal\">\r\n            <h2>En fantastisk opplevelse med en eksklusiv bobil<\/h2><p><em>Det evige behovet for \u00e5 reise, stoppe n\u00e5r som helst og hvor som helst, bo p\u00e5 isolerte steder uten kontakt med mennesker og ha muligheten til \u00e5 nyte alt som et land har \u00e5 tilby &#8230;<\/em><\/p>\n<p>Ved \u00e5 leie en bobil og velge denne livsstilen har du den beste muligheten til \u00e5 tilbringe\u00a0<strong>kvalitetstid\u00a0<\/strong>med familie og venner p\u00e5 en\u00a0<strong>trygg og avslappende<\/strong>\u00a0m\u00e5te. Ingen grunn til \u00e5 stresse \u2013 bare ta det med ro og ta vare p\u00e5 \u00f8yeblikkene og de nye opplevelsene som ingen kommer til \u00e5 glemme. Mens du gleder deg over livsstilen med bobil, kommer du til \u00e5\u00a0<strong>m\u00f8te likesinnede og vil sannsynligvis f\u00e5 venner<\/strong>\u00a0for livet.<\/p>\n<p>Med en eksklusiv og godt utstyrt bobil kan du bes\u00f8ke steder der du ellers ikke kunne v\u00e6re, og\u00a0<strong>bo komfortabelt<\/strong>\u00a0der, under en himmel full av stjerner, i frisk luft, i en nasjonalpark\u00a0<strong>der ingenting haster.<\/strong><\/p>\n<p><strong>Er du klar for \u00e5 pr\u00f8ve livsstilen?<\/strong><\/p>\n        <\/div>\r\n    <\/div>\r\n<\/section>\n\n<section class=\"block block-newsletter\">\r\n    <div class=\"container\">\r\n        <div class=\"newsletter-container reveal\">\r\n            <div class=\"first-step\">\r\n                <h2>Join Touring Cars\u2019 Travel Circle!<\/h2>                <div class=\"newsletter-content\">\r\n                    <p style=\"text-align: center\"><span style=\"font-weight: 400\">Subscribe to our newsletter and get inspired with handpicked route tips, practical travel hacks, and exclusive offers delivered straight to your inbox. As a thank you, you\u2019ll receive a free camping set with your next booking.<\/span><\/p>\n                <\/div>\r\n                \n<div class=\"wpcf7 no-js\" id=\"wpcf7-f12780-o1\" lang=\"nb-NO\" dir=\"ltr\" data-wpcf7-id=\"12780\">\n<div class=\"screen-reader-response\"><p role=\"status\" aria-live=\"polite\" aria-atomic=\"true\"><\/p> <ul><\/ul><\/div>\n<form action=\"\/no\/wp-json\/wp\/v2\/pages\/14165#wpcf7-f12780-o1\" method=\"post\" class=\"wpcf7-form init\" aria-label=\"Kontaktskjema\" novalidate=\"novalidate\" data-status=\"init\">\n<fieldset class=\"hidden-fields-container\"><input type=\"hidden\" name=\"_wpcf7\" value=\"12780\" \/><input type=\"hidden\" name=\"_wpcf7_version\" value=\"6.1.5\" \/><input type=\"hidden\" name=\"_wpcf7_locale\" value=\"nb_NO\" \/><input type=\"hidden\" name=\"_wpcf7_unit_tag\" value=\"wpcf7-f12780-o1\" \/><input type=\"hidden\" name=\"_wpcf7_container_post\" value=\"0\" \/><input type=\"hidden\" name=\"_wpcf7_posted_data_hash\" value=\"\" \/><input type=\"hidden\" name=\"_wpcf7_recaptcha_response\" value=\"\" \/>\n<\/fieldset>\n<div class=\"form-row\">\n<div class=\"form-col\">\n<label>Type your email&#8230;<\/label>\n<span class=\"wpcf7-form-control-wrap\" data-name=\"email\"><input size=\"40\" maxlength=\"400\" class=\"wpcf7-form-control wpcf7-email wpcf7-validates-as-required wpcf7-text form-control   wpcf7-validates-as-email\" aria-required=\"true\" aria-invalid=\"false\" placeholder=\"Email address\" value=\"\" type=\"email\" name=\"email\" \/><\/span>\n<\/div>\n<div class=\"form-col\">\n<input class=\"wpcf7-form-control wpcf7-submit has-spinner\" type=\"submit\" value=\"Continue\" \/>\n<\/div>\n<\/div>\n<div class=\"form-row form-row-privacy\">\n<div class=\"form-col\">By sending this form you agree with the handling of your data in accordance with our <a href=\"\/en\/privacy-policy-gdpr\/\" target=\"_blank\">privacy policy<\/a>.\n<\/div>\n<\/div>\n<input class=\"wpcf7-form-control wpcf7-hidden\" value=\"1\" type=\"hidden\" name=\"newsletter\" \/>\n<input class=\"wpcf7-form-control wpcf7-hidden\" value=\"Customer\" type=\"hidden\" name=\"contact-type\" \/><div class=\"wpcf7-response-output\" aria-hidden=\"true\"><\/div>\n<\/form>\n<\/div>\n            <\/div>\r\n            <div class=\"steps-after-form-submission\"><div class=\"step d-none\"><h3>Almost ready&#8230;<\/h3><p>Let\u2019s get to know each other better so we can personalize our messaging and deals for you!<\/p>\n\n<div class=\"wpcf7 no-js\" id=\"wpcf7-f20528-o2\" lang=\"nb-NO\" dir=\"ltr\" data-wpcf7-id=\"20528\">\n<div class=\"screen-reader-response\"><p role=\"status\" aria-live=\"polite\" aria-atomic=\"true\"><\/p> <ul><\/ul><\/div>\n<form action=\"\/no\/wp-json\/wp\/v2\/pages\/14165#wpcf7-f20528-o2\" method=\"post\" class=\"wpcf7-form init\" aria-label=\"Kontaktskjema\" novalidate=\"novalidate\" data-status=\"init\">\n<fieldset class=\"hidden-fields-container\"><input type=\"hidden\" name=\"_wpcf7\" value=\"20528\" \/><input type=\"hidden\" name=\"_wpcf7_version\" value=\"6.1.5\" \/><input type=\"hidden\" name=\"_wpcf7_locale\" value=\"nb_NO\" \/><input type=\"hidden\" name=\"_wpcf7_unit_tag\" value=\"wpcf7-f20528-o2\" \/><input type=\"hidden\" name=\"_wpcf7_container_post\" value=\"0\" \/><input type=\"hidden\" name=\"_wpcf7_posted_data_hash\" value=\"\" \/><input type=\"hidden\" name=\"_wpcf7_recaptcha_response\" value=\"\" \/>\n<\/fieldset>\n<div class=\"form-row\">\n<div class=\"form-col\">\n<label>What is your dream campervan holiday?<\/label>\n<span class=\"wpcf7-form-control-wrap\" data-name=\"newsletter_topics\"><span class=\"wpcf7-form-control wpcf7-checkbox\"><div class=\"form-check\"><input id=\"cf7_checkbox_1\" class=\"form-check-input\" type=\"checkbox\" name=\"newsletter_topics[]\" value=\"Family trip\" \/><label class=\"form-check-label\" for=\"cf7_checkbox_1\"><span class=\"wpcf7-list-item-label\">Family trip<\/span><\/label><\/div><div class=\"form-check\"><input id=\"cf7_checkbox_2\" class=\"form-check-input\" type=\"checkbox\" name=\"newsletter_topics[]\" value=\"Roadtrip with friends\" \/><label class=\"form-check-label\" for=\"cf7_checkbox_2\"><span class=\"wpcf7-list-item-label\">Roadtrip with friends<\/span><\/label><\/div><div class=\"form-check\"><input id=\"cf7_checkbox_3\" class=\"form-check-input\" type=\"checkbox\" name=\"newsletter_topics[]\" value=\"Trip with my partner\" \/><label class=\"form-check-label\" for=\"cf7_checkbox_3\"><span class=\"wpcf7-list-item-label\">Trip with my partner<\/span><\/label><\/div><div class=\"form-check\"><input id=\"cf7_checkbox_4\" class=\"form-check-input\" type=\"checkbox\" name=\"newsletter_topics[]\" value=\"Other\" \/><label class=\"form-check-label\" for=\"cf7_checkbox_4\"><span class=\"wpcf7-list-item-label\">Other<\/span><\/label><\/div><\/span><\/span>\n<\/div>\n<\/div>\n<div class=\"form-row\">\n<div class=\"form-col\">\n<input class=\"wpcf7-form-control wpcf7-submit has-spinner\" type=\"submit\" value=\"Continue\" \/>\n<\/div>\n<\/div>\n<div class=\"form-row form-row-privacy\">\n<div class=\"form-col\">By sending this form you agree with the handling of your data in accordance with our <a href=\"\/en\/privacy-policy-gdpr\/\" target=\"_blank\">privacy policy<\/a>.\n<\/div>\n<\/div>\n<input class=\"wpcf7-form-control wpcf7-hidden\" value=\"\" type=\"hidden\" name=\"email\" \/>\n<input class=\"wpcf7-form-control wpcf7-hidden\" value=\"1\" type=\"hidden\" name=\"newsletter\" \/><div class=\"wpcf7-response-output\" aria-hidden=\"true\"><\/div>\n<\/form>\n<\/div>\n<\/div><div class=\"step d-none\"><h3>Good feelings are\u2028on the way!<\/h3><div class=\"buttons\"><a href=\"https:\/\/www.instagram.com\/touring_cars\/\" class=\"btn  btn-social btn-instagram\" target=\"_blank\" rel=\"noopener noreferrer\">Instagram<\/a><a href=\"https:\/\/www.facebook.com\/touringcars\/\" class=\"btn  btn-social btn-facebook\" target=\"_blank\" rel=\"noopener noreferrer\">Facebook<\/a><\/div><\/div><\/div>        <\/div>\r\n    <\/div>\r\n<\/section>\n\n<section class=\"block block-centertext bg-white top-spacing-large\">\r\n    <div class=\"container\">\r\n        <div class=\"content-container reveal\">\r\n            <h2>Reise hele \u00e5ret<\/h2>        <\/div>\r\n    <\/div>\r\n<\/section>\n\n<section class=\"block block-columns\">\r\n    <div class=\"container\">\r\n                <div class=\"columns columns-2\">\r\n            <div class=\"column\"><div class=\"image-container reveal\"><img decoding=\"async\" src=\"https:\/\/www.touringcars.com\/wp-content\/uploads\/2025\/02\/carado-imagebank-data_VE_Camper-Van_CV640_PI_2024_0131_21-31-41_web-1-450x300.jpg\" srcset=\"https:\/\/www.touringcars.com\/wp-content\/uploads\/2025\/02\/carado-imagebank-data_VE_Camper-Van_CV640_PI_2024_0131_21-31-41_web-1-300x200.jpg 300w, https:\/\/www.touringcars.com\/wp-content\/uploads\/2025\/02\/carado-imagebank-data_VE_Camper-Van_CV640_PI_2024_0131_21-31-41_web-1-1024x682.jpg 1024w, https:\/\/www.touringcars.com\/wp-content\/uploads\/2025\/02\/carado-imagebank-data_VE_Camper-Van_CV640_PI_2024_0131_21-31-41_web-1-768x512.jpg 768w, https:\/\/www.touringcars.com\/wp-content\/uploads\/2025\/02\/carado-imagebank-data_VE_Camper-Van_CV640_PI_2024_0131_21-31-41_web-1-1536x1024.jpg 1536w, https:\/\/www.touringcars.com\/wp-content\/uploads\/2025\/02\/carado-imagebank-data_VE_Camper-Van_CV640_PI_2024_0131_21-31-41_web-1-2048x1365.jpg 2048w, https:\/\/www.touringcars.com\/wp-content\/uploads\/2025\/02\/carado-imagebank-data_VE_Camper-Van_CV640_PI_2024_0131_21-31-41_web-1-890x593.jpg 890w, https:\/\/www.touringcars.com\/wp-content\/uploads\/2025\/02\/carado-imagebank-data_VE_Camper-Van_CV640_PI_2024_0131_21-31-41_web-1-714x476.jpg 714w, https:\/\/www.touringcars.com\/wp-content\/uploads\/2025\/02\/carado-imagebank-data_VE_Camper-Van_CV640_PI_2024_0131_21-31-41_web-1-450x300.jpg 450w, https:\/\/www.touringcars.com\/wp-content\/uploads\/2025\/02\/carado-imagebank-data_VE_Camper-Van_CV640_PI_2024_0131_21-31-41_web-1-367x245.jpg 367w\" alt=\"_carado-imagebank-data_VE_Camper-Van_CV640_PI_2024_0131_21-31-41_web\" width=\"2200\" height=\"1466\"><\/div><div class=\"content-container reveal\"><h3>Summer is the best time to experience the real motorhome lifestyle<\/h3><p><strong>Festivaler\u00a0<\/strong>i det fri, fester p\u00e5 stranden, morsom\u00a0<strong>skattejakt med barna<\/strong>\u00a0eller inntrykk som skifter mellom lysene fra byen og\u00a0<strong>fantastiske fjell og uforglemmelige \u00f8yeblikk ved leirb\u00e5let<\/strong>. Vi \u00f8nsker deg varmt velkommen til v\u00e5rt tjenestetilbud i Europa s\u00e5 du kan begynne \u00e5 nyte de fineste lokale skjulte skattene.<\/p>\n<p><strong>Sommeren dreier seg om \u00e5 ha det morsomt utend\u00f8r<\/strong>s. Hver sommer har sin egen historie. Det er ubegrenset med kj\u00f8reruter, og friheten er enorm. F\u00e5 tak i en kano, ta med deg surfebrettet, golfbagen eller fiskeutstyret, eller delta i en maraton p\u00e5 veien. Du kan gj\u00f8re det du \u00f8nsker! Touring Cars-livsstilen gir endel\u00f8se muligheter til \u00e5 utforske omgivelsene og leve som du \u00f8nsker.<\/p>\n<\/div><\/div><div class=\"column\"><div class=\"image-container reveal\"><img decoding=\"async\" src=\"https:\/\/www.touringcars.com\/wp-content\/uploads\/2025\/02\/daniel_taipale_71a1799-450x300.jpg\" srcset=\"https:\/\/www.touringcars.com\/wp-content\/uploads\/2025\/02\/daniel_taipale_71a1799-300x200.jpg 300w, https:\/\/www.touringcars.com\/wp-content\/uploads\/2025\/02\/daniel_taipale_71a1799-1024x683.jpg 1024w, https:\/\/www.touringcars.com\/wp-content\/uploads\/2025\/02\/daniel_taipale_71a1799-768x512.jpg 768w, https:\/\/www.touringcars.com\/wp-content\/uploads\/2025\/02\/daniel_taipale_71a1799-1536x1024.jpg 1536w, https:\/\/www.touringcars.com\/wp-content\/uploads\/2025\/02\/daniel_taipale_71a1799-2048x1366.jpg 2048w, https:\/\/www.touringcars.com\/wp-content\/uploads\/2025\/02\/daniel_taipale_71a1799-889x593.jpg 889w, https:\/\/www.touringcars.com\/wp-content\/uploads\/2025\/02\/daniel_taipale_71a1799-714x476.jpg 714w, https:\/\/www.touringcars.com\/wp-content\/uploads\/2025\/02\/daniel_taipale_71a1799-450x300.jpg 450w, https:\/\/www.touringcars.com\/wp-content\/uploads\/2025\/02\/daniel_taipale_71a1799-367x245.jpg 367w\" alt=\"daniel_taipale_71a1799\" width=\"2560\" height=\"1707\"><\/div><div class=\"content-container reveal\"><h3>H\u00f8sten er den koseligste tiden p\u00e5 \u00e5ret<\/h3><p>N\u00e5r sommeren er over, tenker vi ofte p\u00e5 at friheten v\u00e5r plutselig er blitt begrenset, og at vi skal tilbake til hverdagen. Sannheten er imidlertid at bobilen gir oss stor frihet til \u00e5 velge andre ting.<\/p>\n<p>Er du opptatt av fototurer og mindful spirit-reiser? Hva med \u00e5 g\u00e5 fotturer eller sykle og nyte frisk nordlig luft og fargerike skoger fulle av sopp og b\u00e6r tilgjengelig for deg langs ruten din? Eller kanskje nyte ridning, fiske, jakt? Naturen brenner oppfordrer deg til \u00e5 v\u00e6re ute for mesteparten av tiden din. Med en bobil kan du enkelt holde deg rett p\u00e5 reisem\u00e5let.<\/p>\n<p>Du kan enkelt ta en tur en helg eller bare en dag med barna. En reise med bobil er full av eventyr og uforglemmelige minner for barna, selv tiden i bilen. Selv regnv\u00e6r greier ikke \u00e5 \u00f8delegge ferien, siden de komfortable og rommelige kj\u00f8ret\u00f8yene er hjemlige og koselige, s\u00e5 du kan tilbringe tid sammen med hele familien og de skj\u00f8nne kj\u00e6ledyrene dine.<\/p>\n<\/div><\/div><div class=\"column\"><div class=\"image-container reveal\"><div class=\"glide image-slider\" data-uid=\"69f45fa637da1\"><div class=\"glide__track\" data-glide-el=\"track\"><ul class=\"glide__slides\"><li class=\"glide__slide\"><img decoding=\"async\" src=\"https:\/\/www.touringcars.com\/wp-content\/uploads\/2025\/02\/4-Unser-OOE-fuegt-sich-perfekt-in-die-Landschaft-Nordnorwegens-ein-PRESSE-450x300.jpeg\" srcset=\"https:\/\/www.touringcars.com\/wp-content\/uploads\/2025\/02\/4-Unser-OOE-fuegt-sich-perfekt-in-die-Landschaft-Nordnorwegens-ein-PRESSE-300x200.jpeg 300w, https:\/\/www.touringcars.com\/wp-content\/uploads\/2025\/02\/4-Unser-OOE-fuegt-sich-perfekt-in-die-Landschaft-Nordnorwegens-ein-PRESSE-1024x683.jpeg 1024w, https:\/\/www.touringcars.com\/wp-content\/uploads\/2025\/02\/4-Unser-OOE-fuegt-sich-perfekt-in-die-Landschaft-Nordnorwegens-ein-PRESSE-768x512.jpeg 768w, https:\/\/www.touringcars.com\/wp-content\/uploads\/2025\/02\/4-Unser-OOE-fuegt-sich-perfekt-in-die-Landschaft-Nordnorwegens-ein-PRESSE-1536x1024.jpeg 1536w, https:\/\/www.touringcars.com\/wp-content\/uploads\/2025\/02\/4-Unser-OOE-fuegt-sich-perfekt-in-die-Landschaft-Nordnorwegens-ein-PRESSE-2048x1365.jpeg 2048w, https:\/\/www.touringcars.com\/wp-content\/uploads\/2025\/02\/4-Unser-OOE-fuegt-sich-perfekt-in-die-Landschaft-Nordnorwegens-ein-PRESSE-890x593.jpeg 890w, https:\/\/www.touringcars.com\/wp-content\/uploads\/2025\/02\/4-Unser-OOE-fuegt-sich-perfekt-in-die-Landschaft-Nordnorwegens-ein-PRESSE-714x476.jpeg 714w, https:\/\/www.touringcars.com\/wp-content\/uploads\/2025\/02\/4-Unser-OOE-fuegt-sich-perfekt-in-die-Landschaft-Nordnorwegens-ein-PRESSE-450x300.jpeg 450w, https:\/\/www.touringcars.com\/wp-content\/uploads\/2025\/02\/4-Unser-OOE-fuegt-sich-perfekt-in-die-Landschaft-Nordnorwegens-ein-PRESSE-367x245.jpeg 367w\" alt=\"4-Unser-OOE-fuegt-sich-perfekt-in-die-Landschaft-Nordnorwegens-ein-PRESSE\"><\/li><li class=\"glide__slide\"><img decoding=\"async\" src=\"https:\/\/www.touringcars.com\/wp-content\/uploads\/2025\/02\/Copyright_Eric_Lindqvist_Vehicle_Arctic_Circle_4-240x300.jpg\" srcset=\"https:\/\/www.touringcars.com\/wp-content\/uploads\/2025\/02\/Copyright_Eric_Lindqvist_Vehicle_Arctic_Circle_4-240x300.jpg 240w, https:\/\/www.touringcars.com\/wp-content\/uploads\/2025\/02\/Copyright_Eric_Lindqvist_Vehicle_Arctic_Circle_4-819x1024.jpg 819w, https:\/\/www.touringcars.com\/wp-content\/uploads\/2025\/02\/Copyright_Eric_Lindqvist_Vehicle_Arctic_Circle_4-768x960.jpg 768w, https:\/\/www.touringcars.com\/wp-content\/uploads\/2025\/02\/Copyright_Eric_Lindqvist_Vehicle_Arctic_Circle_4-1229x1536.jpg 1229w, https:\/\/www.touringcars.com\/wp-content\/uploads\/2025\/02\/Copyright_Eric_Lindqvist_Vehicle_Arctic_Circle_4-1638x2048.jpg 1638w, https:\/\/www.touringcars.com\/wp-content\/uploads\/2025\/02\/Copyright_Eric_Lindqvist_Vehicle_Arctic_Circle_4-474x593.jpg 474w, https:\/\/www.touringcars.com\/wp-content\/uploads\/2025\/02\/Copyright_Eric_Lindqvist_Vehicle_Arctic_Circle_4-425x531.jpg 425w, https:\/\/www.touringcars.com\/wp-content\/uploads\/2025\/02\/Copyright_Eric_Lindqvist_Vehicle_Arctic_Circle_4-scaled.jpg 2048w\" alt=\"Copyright_Eric_Lindqvist_Vehicle_Arctic_Circle_4\"><\/li><\/ul><\/div><div class=\"glide__controls\"><div class=\"glide__arrows\" data-glide-el=\"controls\"><span class=\"glide__arrow glide__arrow--left\" aria-label=\"Venstre\" data-glide-dir=\"<\"><\/span><span class=\"glide__arrow glide__arrow--right\" aria-label=\"H\u00f8yre\" data-glide-dir=\">&laquo;><\/span><\/div><div class=\"glide__bullets\" data-glide-el=\"controls[nav]\"><span class=\"glide__bullet\" data-glide-dir=\"=0\" data-parent-uid=\"69f45fa637da1\"><\/span><span class=\"glide__bullet\" data-glide-dir=\"=1\" data-parent-uid=\"69f45fa637da1\"><\/span><\/div><\/div><\/div><\/div><div class=\"content-container reveal\"><h3>Vinteren er en magisk tid for reiser<\/h3><p>Vinteren er en spesiell tid p\u00e5 \u00e5ret for<strong>\u00a0eventyrlystne og vintersportelskere.<\/strong>\u00a0Det skjer noe magisk p\u00e5 denne tiden av \u00e5ret. N\u00e5r sn\u00f8en faller, endres de nordeuropeiske landskapene fra festlige farger til et vintereventyrland med magisk nordlys av og til.<\/p>\n<p>Denne \u00e5rstiden gir uendeligheter av muligheter for turer med bobilen. Hvis du vil oppleve mer nordlys og f\u00e5 en skikkelig arktisk opplevelse, kan du realisere dette om vinteren langt mot nord med bobilen.<\/p>\n<p>Hva kan v\u00e6re mer eksklusivt enn en skiferie med fine velv\u00e6retilbud? Forny b\u00e5de kroppen og sinnet i en eksklusiv opplevelse med denne vinterkombinasjonen! Fra de mange badstuetypene til lokale spesialiteter \u2013 det er litt av en opplevelse \u00e5 v\u00e6re en del av et naturorientert fellesskap!<\/p>\n<\/div><\/div><div class=\"column\"><div class=\"image-container reveal\"><img decoding=\"async\" src=\"https:\/\/www.touringcars.com\/wp-content\/uploads\/2025\/02\/Hobby_Lifestyle_Excelle6145_PRESSE-450x300.jpeg\" srcset=\"https:\/\/www.touringcars.com\/wp-content\/uploads\/2025\/02\/Hobby_Lifestyle_Excelle6145_PRESSE-300x200.jpeg 300w, https:\/\/www.touringcars.com\/wp-content\/uploads\/2025\/02\/Hobby_Lifestyle_Excelle6145_PRESSE-1024x683.jpeg 1024w, https:\/\/www.touringcars.com\/wp-content\/uploads\/2025\/02\/Hobby_Lifestyle_Excelle6145_PRESSE-768x512.jpeg 768w, https:\/\/www.touringcars.com\/wp-content\/uploads\/2025\/02\/Hobby_Lifestyle_Excelle6145_PRESSE-1536x1024.jpeg 1536w, https:\/\/www.touringcars.com\/wp-content\/uploads\/2025\/02\/Hobby_Lifestyle_Excelle6145_PRESSE-2048x1365.jpeg 2048w, https:\/\/www.touringcars.com\/wp-content\/uploads\/2025\/02\/Hobby_Lifestyle_Excelle6145_PRESSE-890x593.jpeg 890w, https:\/\/www.touringcars.com\/wp-content\/uploads\/2025\/02\/Hobby_Lifestyle_Excelle6145_PRESSE-714x476.jpeg 714w, https:\/\/www.touringcars.com\/wp-content\/uploads\/2025\/02\/Hobby_Lifestyle_Excelle6145_PRESSE-450x300.jpeg 450w, https:\/\/www.touringcars.com\/wp-content\/uploads\/2025\/02\/Hobby_Lifestyle_Excelle6145_PRESSE-367x245.jpeg 367w\" alt=\"Hobby_Lifestyle_Excelle6145_PRESSE\" width=\"2560\" height=\"1707\"><\/div><div class=\"content-container reveal\"><h3>V\u00e5ren er en fin tid for \u00e5 oppleve lokale tradisjoner sammen med familien<\/h3><p>En uendelighet av sosiale sammenkomster i byene gir os\u00a0<strong>kulturell innsikt\u00a0<\/strong>og lar oss f\u00e5 oppleve tradisjoner som ingen andre. Det er enkelt \u00e5 reise til steder som ligger avsides. Campingplassene og turistb\u00e5tene er sentrum for livlige aktiviteter.<\/p>\n<p>Det er en fin tid for \u00e5 campe og<strong>\u00a0finne nye hemmelige steder for sommeren<\/strong>. V\u00e5ren er den beste tiden for turer til fjerne steder med dem du setter st\u00f8rste pris p\u00e5. La solstr\u00e5lene kj\u00e6rtegne huden igjen, og bygg opp vitaminlageret mens du nyter de mange lokale festivalene.\u00a0Eller hvorfor ikke kombinere ferieturen utend\u00f8rs med\u00a0<strong>fotballkamper i Storbritannia.<\/strong><\/p>\n<\/div><\/div>        <\/div>\r\n    <\/div>\r\n<\/section>\n\n<section class=\"block block-availabilitysearch\">\r\n    <div class=\"container\"><form class=\"availability-search\"><h2>Start bobilferien din<\/h2><div class=\"form-row\"><div class=\"form-col form-col-clearable input-icon input-icon-map\" data-target=\"where\"><label for=\"where\">Hvor skal jeg dra?<\/label><input type=\"text\" class=\"form-control\" id=\"where\" name=\"where\" placeholder=\"Hvor skal jeg dra?\"><\/div><div class=\"form-col form-col-clearable input-icon input-icon-calendar\" data-target=\"when\"><label for=\"when\">N\u00e5r skal jeg dra?<\/label><input type=\"text\" class=\"form-control\" id=\"when\" name=\"when\" placeholder=\"N\u00e5r skal jeg dra?\" disabled><\/div><div class=\"form-col\"><button type=\"submit\" class=\"btn\">Kom i gang<\/button><\/div><\/div><a href=\"https:\/\/www.touringcars.com\/no\/user\/login\/\">Har du allerede booket? Administrer bestilling<\/a><\/form><\/div><\/section>","protected":false},"excerpt":{"rendered":"","protected":false},"author":2,"featured_media":10955,"parent":0,"menu_order":272,"comment_status":"closed","ping_status":"closed","template":"","meta":{"_acf_changed":false,"footnotes":""},"class_list":["post-14165","page","type-page","status-publish","has-post-thumbnail","hentry"],"acf":[],"_links":{"self":[{"href":"https:\/\/www.touringcars.com\/no\/wp-json\/wp\/v2\/pages\/14165","targetHints":{"allow":["GET"]}}],"collection":[{"href":"https:\/\/www.touringcars.com\/no\/wp-json\/wp\/v2\/pages"}],"about":[{"href":"https:\/\/www.touringcars.com\/no\/wp-json\/wp\/v2\/types\/page"}],"author":[{"embeddable":true,"href":"https:\/\/www.touringcars.com\/no\/wp-json\/wp\/v2\/users\/2"}],"replies":[{"embeddable":true,"href":"https:\/\/www.touringcars.com\/no\/wp-json\/wp\/v2\/comments?post=14165"}],"version-history":[{"count":5,"href":"https:\/\/www.touringcars.com\/no\/wp-json\/wp\/v2\/pages\/14165\/revisions"}],"predecessor-version":[{"id":16766,"href":"https:\/\/www.touringcars.com\/no\/wp-json\/wp\/v2\/pages\/14165\/revisions\/16766"}],"wp:featuredmedia":[{"embeddable":true,"href":"https:\/\/www.touringcars.com\/no\/wp-json\/wp\/v2\/media\/10955"}],"wp:attachment":[{"href":"https:\/\/www.touringcars.com\/no\/wp-json\/wp\/v2\/media?parent=14165"}],"curies":[{"name":"wp","href":"https:\/\/api.w.org\/{rel}","templated":true}]}}