{"id":16159,"date":"2025-02-22T13:12:55","date_gmt":"2025-02-22T13:12:55","guid":{"rendered":"https:\/\/www.touringcars.com\/?page_id=16159"},"modified":"2025-03-01T08:59:33","modified_gmt":"2025-03-01T08:59:33","slug":"vantaalle-tyoharjoittelija-vuokramyyntiin","status":"publish","type":"page","link":"https:\/\/www.touringcars.com\/fi\/rekrytointi\/vantaalle-tyoharjoittelija-vuokramyyntiin\/","title":{"rendered":"Vantaalle ty\u00f6harjoittelija vuokramyyntiin"},"content":{"rendered":"<section class=\"block block-herocategory\">\r\n    <div class=\"container container-full\">\r\n        <div class=\"glide image-slider\" data-uid=\"69d7a60528633\"><div class=\"glide__track\" data-glide-el=\"track\"><ul class=\"glide__slides\"><li class=\"glide__slide\"><img decoding=\"async\" src=\"https:\/\/www.touringcars.com\/wp-content\/uploads\/2025\/02\/tc-lauri-rental-station-employees-customer-service-ninni-varsila.jpg-558x145.webp\" srcset=\"https:\/\/www.touringcars.com\/wp-content\/uploads\/2025\/02\/tc-lauri-rental-station-employees-customer-service-ninni-varsila.jpg-300x78.webp 300w, https:\/\/www.touringcars.com\/wp-content\/uploads\/2025\/02\/tc-lauri-rental-station-employees-customer-service-ninni-varsila.jpg-1024x267.webp 1024w, https:\/\/www.touringcars.com\/wp-content\/uploads\/2025\/02\/tc-lauri-rental-station-employees-customer-service-ninni-varsila.jpg-768x200.webp 768w, https:\/\/www.touringcars.com\/wp-content\/uploads\/2025\/02\/tc-lauri-rental-station-employees-customer-service-ninni-varsila.jpg-1536x400.webp 1536w, https:\/\/www.touringcars.com\/wp-content\/uploads\/2025\/02\/tc-lauri-rental-station-employees-customer-service-ninni-varsila.jpg-1400x365.webp 1400w, https:\/\/www.touringcars.com\/wp-content\/uploads\/2025\/02\/tc-lauri-rental-station-employees-customer-service-ninni-varsila.jpg-714x186.webp 714w, https:\/\/www.touringcars.com\/wp-content\/uploads\/2025\/02\/tc-lauri-rental-station-employees-customer-service-ninni-varsila.jpg-558x145.webp 558w, https:\/\/www.touringcars.com\/wp-content\/uploads\/2025\/02\/tc-lauri-rental-station-employees-customer-service-ninni-varsila.jpg.webp 1920w\" alt=\"tc lauri rental station employees customer service ninni varsila.jpg\" data-no-lazy=\"1\" fetchpriority=\"high\"><\/li><\/ul><\/div><div class=\"glide__controls\"><div class=\"glide__arrows\" data-glide-el=\"controls\"><span class=\"glide__arrow glide__arrow--left\" aria-label=\"Vasen\" data-glide-dir=\"<\"><\/span><span class=\"glide__arrow glide__arrow--right\" aria-label=\"Oikea\" data-glide-dir=\">&#8221;><\/span><\/div><\/div><\/div><div class=\"hero-container\"><h1>Vantaalle ty\u00f6harjoittelija vuokramyyntiin<\/h1><\/div>    <\/div>\r\n    <div class=\"container\">\r\n        <div class=\"breadcrumbs-container\"><ol><li><a href=\"https:\/\/www.touringcars.com\/fi\/\"><span>Touring Cars<\/span><\/a><\/li><\/ol><\/div>    <\/div>\r\n<\/section>\n\n<section class=\"block block-basic\">\r\n    <div class=\"container\">\r\n        <div class=\"content-container reveal\">\r\n            <h2>Ty\u00f6harjoittelija vuokramyyntiin &#8211; Kansainv\u00e4linen matkailuautovuokraamo<\/h2><p>Touring Cars, Pohjois-Euroopan johtava matkailuautojen vuokrausketju, etsii dynaamista ja asiakaspalveluhenkist\u00e4 ty\u00f6harjoittelijaa liittym\u00e4\u00e4n kansainv\u00e4liseen tiimiimme. Tarjoamme tilaisuuden kehitty\u00e4 myynnin ja asiakaspalvelun ammattilaiseksi matkailualan j\u00e4nnitt\u00e4v\u00e4ss\u00e4 ymp\u00e4rist\u00f6ss\u00e4.<\/p>\n<p>Ty\u00f6harjoittelijana osallistut monipuolisesti myyntitiimin p\u00e4ivitt\u00e4isiin teht\u00e4viin. Ty\u00f6si koostuu p\u00e4\u00e4asiassa asiakaspalvelusta s\u00e4hk\u00f6postitse ja puhelimitse, varausten k\u00e4sittelyst\u00e4, laskutuksesta sek\u00e4 muista myyntiin liittyvist\u00e4 teht\u00e4vist\u00e4. Harjoittelusi aikana p\u00e4\u00e4set kehitt\u00e4m\u00e4\u00e4n asiakaspalvelu- ja myyntitaitojasi k\u00e4yt\u00e4nn\u00f6n ty\u00f6ss\u00e4.<\/p>\n<p>T\u00e4m\u00e4 harjoittelupaikka on erinomainen tilaisuus opiskelijoille, jotka ovat kiinnostuneita urasta matkailu- tai myyntialalla.<\/p>\n<p><strong>Odotamme sinulta:<\/strong><\/p>\n<ul>\n<li>Erinomaista suullista ja kirjallista englannin kielen taitoa<\/li>\n<li>Hyvi\u00e4 vuorovaikutus- ja tiimity\u00f6skentelytaitoja<\/li>\n<li>J\u00e4rjestelm\u00e4llisyytt\u00e4 ja kyky\u00e4 itsen\u00e4iseen ty\u00f6skentelyyn<\/li>\n<li>Aikaisempi kokemus asiakaspalvelusta tai myynnist\u00e4 katsotaan eduksi<\/li>\n<li>Suomen tai saksan kielen taito ja B-luokan ajokortti katsotaan eduksi<\/li>\n<\/ul>\n<p><strong>Tarjoamme:<\/strong><\/p>\n<ul>\n<li>Mahdollisuuden kehitt\u00e4\u00e4 ammattitaitoasi kansainv\u00e4lisess\u00e4 ymp\u00e4rist\u00f6ss\u00e4<\/li>\n<li>Tiiviin ja tukevan tiimiymp\u00e4rist\u00f6n<\/li>\n<li>Arvokasta kokemusta nopeasti kasvavalla ja kehittyv\u00e4ll\u00e4 alalla<\/li>\n<\/ul>\n<p><strong>Hakeminen:<\/strong><\/p>\n<p>L\u00e4het\u00e4 ansioluettelosi ja lyhyt hakemuskirjeesi s\u00e4hk\u00f6postitse osoitteeseen work@touringcars.eu 2.2. menness\u00e4. Liit\u00e4 hakemukseesi my\u00f6s maininta siit\u00e4, miksi juuri sin\u00e4 olisit sopiva henkil\u00f6 t\u00e4h\u00e4n teht\u00e4v\u00e4\u00e4n.<\/p>\n<p>Liity osaksi Touring Carsin tiimi\u00e4 ja auta meit\u00e4 tarjoamaan unohtumattomia lomael\u00e4myksi\u00e4 asiakkaillemme ymp\u00e4ri Pohjois-Eurooppaa!<\/p>\n        <\/div>\r\n    <\/div>\r\n<\/section>","protected":false},"excerpt":{"rendered":"","protected":false},"author":2,"featured_media":8771,"parent":13960,"menu_order":500,"comment_status":"closed","ping_status":"closed","template":"","meta":{"_acf_changed":false,"footnotes":""},"class_list":["post-16159","page","type-page","status-publish","has-post-thumbnail","hentry"],"acf":[],"_links":{"self":[{"href":"https:\/\/www.touringcars.com\/fi\/wp-json\/wp\/v2\/pages\/16159","targetHints":{"allow":["GET"]}}],"collection":[{"href":"https:\/\/www.touringcars.com\/fi\/wp-json\/wp\/v2\/pages"}],"about":[{"href":"https:\/\/www.touringcars.com\/fi\/wp-json\/wp\/v2\/types\/page"}],"author":[{"embeddable":true,"href":"https:\/\/www.touringcars.com\/fi\/wp-json\/wp\/v2\/users\/2"}],"replies":[{"embeddable":true,"href":"https:\/\/www.touringcars.com\/fi\/wp-json\/wp\/v2\/comments?post=16159"}],"version-history":[{"count":1,"href":"https:\/\/www.touringcars.com\/fi\/wp-json\/wp\/v2\/pages\/16159\/revisions"}],"predecessor-version":[{"id":16160,"href":"https:\/\/www.touringcars.com\/fi\/wp-json\/wp\/v2\/pages\/16159\/revisions\/16160"}],"up":[{"embeddable":true,"href":"https:\/\/www.touringcars.com\/fi\/wp-json\/wp\/v2\/pages\/13960"}],"wp:featuredmedia":[{"embeddable":true,"href":"https:\/\/www.touringcars.com\/fi\/wp-json\/wp\/v2\/media\/8771"}],"wp:attachment":[{"href":"https:\/\/www.touringcars.com\/fi\/wp-json\/wp\/v2\/media?parent=16159"}],"curies":[{"name":"wp","href":"https:\/\/api.w.org\/{rel}","templated":true}]}}