{"id":14461,"date":"2025-01-01T14:06:57","date_gmt":"2025-01-01T14:06:57","guid":{"rendered":"https:\/\/touringcars.com\/about-us\/"},"modified":"2026-04-22T13:07:45","modified_gmt":"2026-04-22T13:07:45","slug":"yritys","status":"publish","type":"page","link":"https:\/\/www.touringcars.com\/fi\/yritys\/","title":{"rendered":"Tietoa meist\u00e4"},"content":{"rendered":"<section class=\"block block-hero text-style-white image-style-full\">\r\n    <div class=\"container container-full\">\r\n        <div class=\"image-slider video-container\"><div class=\"glide__slide\"><video autoplay loop muted playsinline><source src=\"https:\/\/player.vimeo.com\/progressive_redirect\/playback\/1061162486\/rendition\/2160p\/file.mp4?loc=external&#038;log_user=0&#038;signature=9e0f1661e507b1ec42aec05bfc045b388643670c8124b8b3c198a4d2e0150a86&#038;user_id=69721377\" type=\"video\/mp4\"><\/video><\/div><\/div><div class=\"hero-container\"><div class=\"breadcrumbs-container\"><ol><li><a href=\"https:\/\/www.touringcars.com\/fi\/\"><span>Touring Cars<\/span><\/a><\/li><\/ol><\/div><h1>Touring Cars<\/h1><p>matkailuautojen vuokraus- ja myyntipalvelut<\/p>\n<\/div>    <\/div>\r\n    <\/section>\n\n<section class=\"block block-basic\">\r\n    <div class=\"container\">\r\n        <div class=\"content-container reveal\">\r\n            <h2>Lomael\u00e4myksien mahdollistaja vuodesta 1982 alkaen<\/h2><p>Touring Cars on vuonna 1982 perustettu, Suomen ensimm\u00e4inen matkailuautojen vuokrauspalveluyritys. Liiketoimintamme on laajentunut vuosien saatossa ja nykyisin lukeudummekin yhdeksi Euroopan merkitt\u00e4vimm\u00e4ksi alan toimijaksi. Palvelemme matkailijoita paikallisyritt\u00e4j\u00e4vetoisesti franchise-ketjuna 8 maassa, 10 toimipisteest\u00e4 k\u00e4sin. Standardoidun toimintamallimme ja laatulupaustemme varmistamana Touring Carsin asiakas tiet\u00e4\u00e4 saavansa 5-t\u00e4hden vuokrauspalvelut ja yksil\u00f6llisesti varustetun laatuajoneuvon kaikista Euroopan toimipisteist\u00e4mme. Yhti\u00f6n ketjunohjaustoiminnot sijaitsevat Suomessa.<\/p>\n<h3><span class=\"abel-font\">Matkusta huolettomalle lomalle kanssamme<\/span><\/h3>\n<p>Retkeilyst\u00e4 ja autolomamatkailusta on tullut taas trendik\u00e4st\u00e4. Lis\u00e4ksi matkailuauton vuokraaminen on lis\u00e4\u00e4ntynyt kulutus- ja matkustustapojen muutosten sek\u00e4 ymp\u00e4rist\u00f6arvojen korostumisen my\u00f6t\u00e4.<\/p>\n<p>Vuokramatkailuauto on erinomainen valinta niin perhelomailuun kuin aktiiviselle kaveriporukalle tai rauhaa rakastavalle. Auto voidaan kalustaa yksil\u00f6llisesti matkaseurueen toiveiden ja matkan m\u00e4\u00e4r\u00e4np\u00e4\u00e4n tarpeita ajatellen. Voit tutkia kohdemaan tai alueen aidon kulttuuritarjonnan omassa aikataulussa, majoittua mit\u00e4\u00a0upeimmilla paikoilla ja ajaa l\u00e4hes rajattomasti EU:n ja\u00a0Schengen alueen sis\u00e4ll\u00e4. Vaihtoehtoisesti matkailuauto on helppo ja huoleton keino rentoutua omassa rauhassa l\u00e4heistesi kanssa luonnon keskell\u00e4, ulkoliikuntapaikkojen l\u00e4heisyydess\u00e4 usean p\u00e4iv\u00e4n ajan ilman tarvetta lis\u00e4palveluille.<\/p>\n        <\/div>\r\n    <\/div>\r\n<\/section>\n\n<section class=\"block block-textimage\">\r\n    <div class=\"container\">\r\n        <div class=\"content-row image-placement-right\">\r\n            <div class=\"content-container reveal\">\r\n                <h3>Touring Cars ensiluokkainen lomailukonsepti 1982 alkaen<\/h3><ul>\n<li>Matkailuautojen myynti- ja vuokrauspalvelut<\/li>\n<li>Ensimm\u00e4inen Pohjoismaiden tasolla toimiva\u00a0matkailuautovuokraamoketju<\/li>\n<li>Yritt\u00e4j\u00e4vetoinen Franchise-ketju toimii 8 maassa, yht. 10 toimipistett\u00e4 (2026)<\/li>\n<li>Lisenssinomistajat Tanja Saarnio (vuodesta 1991) ja tyt\u00e4r Elle Tick (vuodesta 2022)<\/li>\n<li>Yhti\u00f6n hallitus: Tanja Saarnio, Elle Tick, Tarja Saastamoinen ja Kari Neilimo<\/li>\n<li>Veijo Tiitinen TC Groupin toimitusjohtaja<\/li>\n<li>Maayhti\u00f6iden toimitusjohtajat: Veijo Tiitinen &#8211; Touring Cars Finland Oy CEO, Douglas Hunter &#8211; Touring Cars Sweden Ab CEO, Nicolai Nerg\u00e5rd &#8211; Touring Cars Norway As CEO<\/li>\n<li>P\u00e4\u00e4konttori ja ketjutoiminnot Vantaa Suomi<\/li>\n<li>Paikallisvuokraamoja Suomessa, Ruotsissa, Norjassa, Alankomaissa, Espanjassa, Islannissa, Englannissa ja Virossa<\/li>\n<li>Ketju ty\u00f6llist\u00e4\u00e4 60-100 ammattilaista<\/li>\n<li>Myyntiyhteisty\u00f6kumppaneita 40 maassa<\/li>\n<li>Yli 140 matkailualan yhteisty\u00f6kumppania ymp\u00e4ri maailmaa<\/li>\n<li>Lomael\u00e4myksi\u00e4 yli 100 kansalaisuutta kattavalle asiakasryhm\u00e4lle<\/li>\n<\/ul>\n            <\/div>\r\n            <div class=\"image-container reveal image-high\">\r\n                <img decoding=\"async\" src=\"https:\/\/www.touringcars.com\/wp-content\/uploads\/2026\/01\/TC-KarttaWeb-1-574x574.jpg\" srcset=\"https:\/\/www.touringcars.com\/wp-content\/uploads\/2026\/01\/TC-KarttaWeb-1-300x300.jpg 300w, https:\/\/www.touringcars.com\/wp-content\/uploads\/2026\/01\/TC-KarttaWeb-1-150x150.jpg 150w, https:\/\/www.touringcars.com\/wp-content\/uploads\/2026\/01\/TC-KarttaWeb-1-593x593.jpg 593w, https:\/\/www.touringcars.com\/wp-content\/uploads\/2026\/01\/TC-KarttaWeb-1-531x531.jpg 531w, https:\/\/www.touringcars.com\/wp-content\/uploads\/2026\/01\/TC-KarttaWeb-1-136x136.jpg 136w, https:\/\/www.touringcars.com\/wp-content\/uploads\/2026\/01\/TC-KarttaWeb-1-310x310.jpg 310w, https:\/\/www.touringcars.com\/wp-content\/uploads\/2026\/01\/TC-KarttaWeb-1-574x574.jpg 574w, https:\/\/www.touringcars.com\/wp-content\/uploads\/2026\/01\/TC-KarttaWeb-1.jpg 754w\" alt=\"Touring Cars Rental Locations Map\" width=\"754\" height=\"754\">            <\/div>\r\n        <\/div>\r\n    <\/div>\r\n<\/section>\n\n<section class=\"block block-centertext bg-white bottom-spacing-small\">\r\n    <div class=\"container\">\r\n        <div class=\"content-container reveal\">\r\n            <h2>Suomalainen liiketoimintakonsepti: autovuokrausta, -myynti\u00e4  ja -huoltopalveluja Pohjoismaissa jo 40 vuoden ajan<\/h2>        <\/div>\r\n    <\/div>\r\n<\/section>\n\n<section class=\"block block-textimage bg-white\">\r\n    <div class=\"container\">\r\n        <div class=\"content-row image-placement-left\">\r\n            <div class=\"content-container reveal\">\r\n                <h3>Vuodesta 1982<\/h3><p>Perustettu vuonna 1982 Suomessa. Touring Cars on ollut edell\u00e4k\u00e4vij\u00e4 k\u00e4yt\u00e4nn\u00f6llisten liikkuvien majoitusratkaisujen ja tila-ajoneuvojen tarjoamisessa standardoidun Key-to-Freedom-konseptin mukaisesti niin yksitt\u00e4isille matkailijoille kuin kaupallisille ja voittoa tavoittelemattomille organisaatioille sek\u00e4 kotimaassa ett\u00e4 kansainv\u00e4lisesti.<\/p>\n<div class=\"buttons\"><a href=\"https:\/\/www.touringcars.com\/fi\/yritys\/the-history-of-touring-cars\/\" class=\"btn\">Our History<\/a><\/div>            <\/div>\r\n            <div class=\"image-container reveal\">\r\n                <img decoding=\"async\" src=\"https:\/\/www.touringcars.com\/wp-content\/uploads\/2025\/02\/6.PNG-525x300.webp\" srcset=\"https:\/\/www.touringcars.com\/wp-content\/uploads\/2025\/02\/6.PNG-300x171.webp 300w, https:\/\/www.touringcars.com\/wp-content\/uploads\/2025\/02\/6.PNG-1024x585.webp 1024w, https:\/\/www.touringcars.com\/wp-content\/uploads\/2025\/02\/6.PNG-768x439.webp 768w, https:\/\/www.touringcars.com\/wp-content\/uploads\/2025\/02\/6.PNG-1038x593.webp 1038w, https:\/\/www.touringcars.com\/wp-content\/uploads\/2025\/02\/6.PNG-714x408.webp 714w, https:\/\/www.touringcars.com\/wp-content\/uploads\/2025\/02\/6.PNG-525x300.webp 525w, https:\/\/www.touringcars.com\/wp-content\/uploads\/2025\/02\/6.PNG.webp 1400w\" alt=\"6.PNG\" width=\"1400\" height=\"800\">            <\/div>\r\n        <\/div>\r\n    <\/div>\r\n<\/section>\n\n<section class=\"block block-textimage\">\r\n    <div class=\"container\">\r\n        <div class=\"content-row image-placement-right\">\r\n            <div class=\"content-container reveal\">\r\n                <h3>Touring Cars t\u00e4n\u00e4\u00e4n<\/h3><p class=\"p1\">T\u00e4m\u00e4n p\u00e4iv\u00e4n liiketoiminnassa vastaamme\u00a0 kasvavaan kysynt\u00e4\u00e4n yksil\u00f6llisesti r\u00e4\u00e4t\u00e4l\u00f6idyist\u00e4 ja kest\u00e4vist\u00e4 matkakokemuksista. Mahdollistamme asiakkaillemme aidon Euroopan tutkimisen tai nopean ja rentouttavan irtioton arjesta \u2013 vaivattomasti ja mukavasti. Omien aikataulujen ja kiinnostustensa mukaan.<\/p>\n<div class=\"buttons\"><a href=\"https:\/\/www.touringcars.com\/fi\/yritys\/become-a-franchisee\/\" class=\"btn\">Touring Cars franchising<\/a><a href=\"https:\/\/www.touringcars.com\/fi\/yritys\/become-a-sales-partner\/\" class=\"btn\">Touring Cars partneriksi<\/a><a href=\"https:\/\/www.touringcars.com\/fi\/yritys\/b2b-rentals\/\" class=\"btn\">B2B-vuokrauspalvelut<\/a><\/div>            <\/div>\r\n            <div class=\"image-container reveal\">\r\n                <img decoding=\"async\" src=\"https:\/\/www.touringcars.com\/wp-content\/uploads\/2025\/02\/tc-customer-service_-ninni_varsila-desk-rental_station-450x300.jpeg\" srcset=\"https:\/\/www.touringcars.com\/wp-content\/uploads\/2025\/02\/tc-customer-service_-ninni_varsila-desk-rental_station-300x200.jpeg 300w, https:\/\/www.touringcars.com\/wp-content\/uploads\/2025\/02\/tc-customer-service_-ninni_varsila-desk-rental_station-1024x683.jpeg 1024w, https:\/\/www.touringcars.com\/wp-content\/uploads\/2025\/02\/tc-customer-service_-ninni_varsila-desk-rental_station-768x512.jpeg 768w, https:\/\/www.touringcars.com\/wp-content\/uploads\/2025\/02\/tc-customer-service_-ninni_varsila-desk-rental_station-890x593.jpeg 890w, https:\/\/www.touringcars.com\/wp-content\/uploads\/2025\/02\/tc-customer-service_-ninni_varsila-desk-rental_station-714x476.jpeg 714w, https:\/\/www.touringcars.com\/wp-content\/uploads\/2025\/02\/tc-customer-service_-ninni_varsila-desk-rental_station-450x300.jpeg 450w, https:\/\/www.touringcars.com\/wp-content\/uploads\/2025\/02\/tc-customer-service_-ninni_varsila-desk-rental_station-367x245.jpeg 367w, https:\/\/www.touringcars.com\/wp-content\/uploads\/2025\/02\/tc-customer-service_-ninni_varsila-desk-rental_station.jpeg 1500w\" alt=\"tc-customer-service_ ninni_varsila-desk-rental_station\" width=\"1500\" height=\"1000\">            <\/div>\r\n        <\/div>\r\n    <\/div>\r\n<\/section>\n\n<section class=\"block block-textimage\">\r\n    <div class=\"container\">\r\n        <div class=\"content-row image-placement-left\">\r\n            <div class=\"content-container reveal\">\r\n                <h3>Sitoutunut henkil\u00f6st\u00f6<\/h3><p class=\"p1\">Henkil\u00f6st\u00f6ll\u00e4mme on keskeinen rooli positiivisten kokemusten ja hyv\u00e4n fiiliksen luomisessa asiakkaillemme ja yhteisty\u00f6kumppaneillemme. Touring Carsin p\u00e4\u00e4konttori sijaitsee Suomessa, ja toimintaa ohjaa dynaaminen ja monikansallinen TC hallinto -tiimi. Euroopan vuokrausasemia ja ajoneuvomyyntipalveluita operoivat paikalliset yritt\u00e4j\u00e4t, jotka ovat sitoutuneet tarjoamaan erinomaista palvelua kaikissa tilanteissa asiakkaan polun kaikissa vaiheissa.<\/p>\n<div class=\"buttons\"><a href=\"https:\/\/www.touringcars.com\/wp-content\/uploads\/2026\/04\/Contact-directory_042026.pdf\" class=\"btn\">Henkil\u00f6st\u00f6<\/a><a href=\"https:\/\/www.touringcars.com\/fi\/rekrytointi\/\" class=\"btn\">Ty\u00f6paikat<\/a><\/div>            <\/div>\r\n            <div class=\"image-container reveal\">\r\n                <img decoding=\"async\" src=\"https:\/\/www.touringcars.com\/wp-content\/uploads\/2025\/02\/touringcars_team.jpg-525x300.webp\" srcset=\"https:\/\/www.touringcars.com\/wp-content\/uploads\/2025\/02\/touringcars_team.jpg-300x171.webp 300w, https:\/\/www.touringcars.com\/wp-content\/uploads\/2025\/02\/touringcars_team.jpg-1024x585.webp 1024w, https:\/\/www.touringcars.com\/wp-content\/uploads\/2025\/02\/touringcars_team.jpg-768x439.webp 768w, https:\/\/www.touringcars.com\/wp-content\/uploads\/2025\/02\/touringcars_team.jpg-1038x593.webp 1038w, https:\/\/www.touringcars.com\/wp-content\/uploads\/2025\/02\/touringcars_team.jpg-714x408.webp 714w, https:\/\/www.touringcars.com\/wp-content\/uploads\/2025\/02\/touringcars_team.jpg-525x300.webp 525w, https:\/\/www.touringcars.com\/wp-content\/uploads\/2025\/02\/touringcars_team.jpg.webp 1400w\" alt=\"touringcars_team.jpg\" width=\"1400\" height=\"800\">            <\/div>\r\n        <\/div>\r\n    <\/div>\r\n<\/section>\n\n<section class=\"block block-centertext bg-white\">\r\n    <div class=\"container\">\r\n        <div class=\"content-container reveal\">\r\n            <h2>Asiakkaidemme arvioita<\/h2><script src=\"https:\/\/static.elfsight.com\/platform\/platform.js\" async><\/script><div class=\"elfsight-app-6de662b7-0f3c-48d5-8cc0-82be73a64325\" data-elfsight-app-lazy><\/div>\n        <\/div>\r\n    <\/div>\r\n<\/section>\n\n<section class=\"block block-columns\">\r\n    <div class=\"container\">\r\n        <h2>Touring Care<\/h2>        <div class=\"columns columns-2\">\r\n            <div class=\"column\"><div class=\"image-container reveal\"><img decoding=\"async\" src=\"https:\/\/www.touringcars.com\/wp-content\/uploads\/2025\/02\/TC_Vehicle_5-451x300.jpg\" srcset=\"https:\/\/www.touringcars.com\/wp-content\/uploads\/2025\/02\/TC_Vehicle_5-300x200.jpg 300w, https:\/\/www.touringcars.com\/wp-content\/uploads\/2025\/02\/TC_Vehicle_5-1024x681.jpg 1024w, https:\/\/www.touringcars.com\/wp-content\/uploads\/2025\/02\/TC_Vehicle_5-768x511.jpg 768w, https:\/\/www.touringcars.com\/wp-content\/uploads\/2025\/02\/TC_Vehicle_5-1536x1022.jpg 1536w, https:\/\/www.touringcars.com\/wp-content\/uploads\/2025\/02\/TC_Vehicle_5-2048x1363.jpg 2048w, https:\/\/www.touringcars.com\/wp-content\/uploads\/2025\/02\/TC_Vehicle_5-1920x1278.jpg 1920w, https:\/\/www.touringcars.com\/wp-content\/uploads\/2025\/02\/TC_Vehicle_5-891x593.jpg 891w, https:\/\/www.touringcars.com\/wp-content\/uploads\/2025\/02\/TC_Vehicle_5-714x475.jpg 714w, https:\/\/www.touringcars.com\/wp-content\/uploads\/2025\/02\/TC_Vehicle_5-451x300.jpg 451w, https:\/\/www.touringcars.com\/wp-content\/uploads\/2025\/02\/TC_Vehicle_5-367x245.jpg 367w\" alt=\"TC_Vehicle_5\" width=\"2560\" height=\"1703\"><\/div><div class=\"content-container reveal\"><h3>Ty\u00f6ntekij\u00e4t ja ketjuj\u00e4senet<\/h3><\/div><\/div><div class=\"column\"><div class=\"image-container reveal\"><img decoding=\"async\" src=\"https:\/\/www.touringcars.com\/wp-content\/uploads\/2022\/04\/woman-dog-car-pexels-pnw-production-450x300.png\" srcset=\"https:\/\/www.touringcars.com\/wp-content\/uploads\/2022\/04\/woman-dog-car-pexels-pnw-production-300x200.png 300w, https:\/\/www.touringcars.com\/wp-content\/uploads\/2022\/04\/woman-dog-car-pexels-pnw-production-1024x683.png 1024w, https:\/\/www.touringcars.com\/wp-content\/uploads\/2022\/04\/woman-dog-car-pexels-pnw-production-768x513.png 768w, https:\/\/www.touringcars.com\/wp-content\/uploads\/2022\/04\/woman-dog-car-pexels-pnw-production-889x593.png 889w, https:\/\/www.touringcars.com\/wp-content\/uploads\/2022\/04\/woman-dog-car-pexels-pnw-production-714x476.png 714w, https:\/\/www.touringcars.com\/wp-content\/uploads\/2022\/04\/woman-dog-car-pexels-pnw-production-450x300.png 450w, https:\/\/www.touringcars.com\/wp-content\/uploads\/2022\/04\/woman-dog-car-pexels-pnw-production-367x245.png 367w, https:\/\/www.touringcars.com\/wp-content\/uploads\/2022\/04\/woman-dog-car-pexels-pnw-production.png 1500w\" alt=\"woman-dog-car-pexels-pnw-production\" width=\"1500\" height=\"1001\"><\/div><div class=\"content-container reveal\"><h3>Asiakkaat ja kumppanit<\/h3><\/div><\/div><div class=\"column\"><div class=\"image-container reveal\"><img decoding=\"async\" src=\"https:\/\/www.touringcars.com\/wp-content\/uploads\/2025\/01\/oulanka.jpg-525x300.webp\" srcset=\"https:\/\/www.touringcars.com\/wp-content\/uploads\/2025\/01\/oulanka.jpg-300x171.webp 300w, https:\/\/www.touringcars.com\/wp-content\/uploads\/2025\/01\/oulanka.jpg-1024x585.webp 1024w, https:\/\/www.touringcars.com\/wp-content\/uploads\/2025\/01\/oulanka.jpg-768x439.webp 768w, https:\/\/www.touringcars.com\/wp-content\/uploads\/2025\/01\/oulanka.jpg-1038x593.webp 1038w, https:\/\/www.touringcars.com\/wp-content\/uploads\/2025\/01\/oulanka.jpg-714x408.webp 714w, https:\/\/www.touringcars.com\/wp-content\/uploads\/2025\/01\/oulanka.jpg-525x300.webp 525w, https:\/\/www.touringcars.com\/wp-content\/uploads\/2025\/01\/oulanka.jpg.webp 1400w\" alt=\"oulanka.jpg\" width=\"1400\" height=\"800\"><\/div><div class=\"content-container reveal\"><h3>Ymp\u00e4rist\u00f6 ja luonto<\/h3><\/div><\/div><div class=\"column\"><div class=\"image-container reveal\"><img decoding=\"async\" src=\"https:\/\/www.touringcars.com\/wp-content\/uploads\/2025\/02\/tromso-558x276.jpg\" srcset=\"https:\/\/www.touringcars.com\/wp-content\/uploads\/2025\/02\/tromso-300x149.jpg 300w, https:\/\/www.touringcars.com\/wp-content\/uploads\/2025\/02\/tromso-1024x507.jpg 1024w, https:\/\/www.touringcars.com\/wp-content\/uploads\/2025\/02\/tromso-768x381.jpg 768w, https:\/\/www.touringcars.com\/wp-content\/uploads\/2025\/02\/tromso-1536x761.jpg 1536w, https:\/\/www.touringcars.com\/wp-content\/uploads\/2025\/02\/tromso-1197x593.jpg 1197w, https:\/\/www.touringcars.com\/wp-content\/uploads\/2025\/02\/tromso-714x354.jpg 714w, https:\/\/www.touringcars.com\/wp-content\/uploads\/2025\/02\/tromso-558x276.jpg 558w, https:\/\/www.touringcars.com\/wp-content\/uploads\/2025\/02\/tromso.jpg 2000w\" alt=\"tromso\" width=\"2000\" height=\"991\"><\/div><div class=\"content-container reveal\"><h3>Yhteiskunta ja paikallistalous<\/h3><\/div><\/div>        <\/div>\r\n    <\/div>\r\n<\/section>\n\n<section class=\"block block-centertext bg-white\">\r\n    <div class=\"container\">\r\n        <div class=\"content-container reveal\">\r\n            <h2>Touring Cars camper rental &amp; sales franchise chain Europe <\/h2><h3 class=\"text-align-center\">P\u00e4\u00e4konttori &amp; kansainv\u00e4linen myyntitoimisto<\/h3>\n<p class=\"text-align-center\"><a href=\"https:\/\/maps.app.goo.gl\/YZd5tPTwu94WR2Fu9\" target=\"_blank\" rel=\"noopener\">Tiilenly\u00f6j\u00e4nkuja 6, 01720 Vantaa, Finland<\/a><br \/>\n<a href=\"tel:+35898494050\">+358 9 849 4050<\/a><\/p>\n<div class=\"buttons\"><a href=\"\" class=\"btn btn-wide\" target=\"_blank\" rel=\"noopener noreferrer\">Local rental stations<\/a><\/div>        <\/div>\r\n    <\/div>\r\n<\/section>\n\n<section class=\"block block-contactform bg-white input-style-gray\">\r\n    <div class=\"container\">\r\n        <div class=\"content-container reveal\">\r\n            <div class=\"accordion accordion-sections\"><div class=\"accordion-section\"><div class=\"accordion-item\"><h4 class=\"accordion-header\" id=\"heading-send-us-a-message\"><button class=\"accordion-button\" type=\"button\" data-bs-toggle=\"collapse\" data-bs-target=\"#collapse-send-us-a-message\" aria-expanded=\"true\" aria-controls=\"collapse-send-us-a-message\">Send us a message<\/button><\/h4><div id=\"collapse-send-us-a-message\" class=\"accordion-collapse collapse show\" aria-labelledby=\"heading-send-us-a-message\"><div class=\"accordion-body\"><div class=\"accordion-body-container\"><div class=\"form-container\">\n<div class=\"wpcf7 no-js\" id=\"wpcf7-f12771-o1\" lang=\"fi\" dir=\"ltr\" data-wpcf7-id=\"12771\">\n<div class=\"screen-reader-response\"><p role=\"status\" aria-live=\"polite\" aria-atomic=\"true\"><\/p> <ul><\/ul><\/div>\n<form action=\"\/fi\/wp-json\/wp\/v2\/pages\/14461#wpcf7-f12771-o1\" method=\"post\" class=\"wpcf7-form init\" aria-label=\"Yhteydenottolomake\" novalidate=\"novalidate\" data-status=\"init\">\n<fieldset class=\"hidden-fields-container\"><input type=\"hidden\" name=\"_wpcf7\" value=\"12771\" \/><input type=\"hidden\" name=\"_wpcf7_version\" value=\"6.1.5\" \/><input type=\"hidden\" name=\"_wpcf7_locale\" value=\"fi\" \/><input type=\"hidden\" name=\"_wpcf7_unit_tag\" value=\"wpcf7-f12771-o1\" \/><input type=\"hidden\" name=\"_wpcf7_container_post\" value=\"0\" \/><input type=\"hidden\" name=\"_wpcf7_posted_data_hash\" value=\"\" \/><input type=\"hidden\" name=\"_wpcf7_recaptcha_response\" value=\"\" \/>\n<\/fieldset>\n<div class=\"form-row\">\n<div class=\"form-col\">\n<label>Etunimi<\/label>\n<span class=\"wpcf7-form-control-wrap\" data-name=\"firstname\"><input size=\"40\" maxlength=\"400\" class=\"wpcf7-form-control wpcf7-text form-control form-control-gray  wpcf7-validates-as-required\" aria-required=\"true\" aria-invalid=\"false\" placeholder=\"Etunimi\" value=\"\" type=\"text\" name=\"firstname\" \/><\/span>\n<\/div>\n<div class=\"form-col\">\n<label>Sukunimi<\/label>\n<span class=\"wpcf7-form-control-wrap\" data-name=\"lastname\"><input size=\"40\" maxlength=\"400\" class=\"wpcf7-form-control wpcf7-text form-control form-control-gray  wpcf7-validates-as-required\" aria-required=\"true\" aria-invalid=\"false\" placeholder=\"Sukunimi\" value=\"\" type=\"text\" name=\"lastname\" \/><\/span>\n<\/div>\n<\/div>\n\n<div class=\"form-row\">\n<div class=\"form-col\">\n<label>Puhelinnumero<\/label>\n<span class=\"wpcf7-form-control-wrap\" data-name=\"phone\"><input size=\"40\" maxlength=\"400\" class=\"wpcf7-form-control wpcf7-tel wpcf7-validates-as-required wpcf7-text form-control form-control-gray  wpcf7-validates-as-tel\" aria-required=\"true\" aria-invalid=\"false\" placeholder=\"Puhelinnumero\" value=\"\" type=\"tel\" name=\"phone\" \/><\/span>\n<\/div>\n<div class=\"form-col\">\n<label>S\u00e4hk\u00f6postiosoite<\/label>\n<span class=\"wpcf7-form-control-wrap\" data-name=\"email\"><input size=\"40\" maxlength=\"400\" class=\"wpcf7-form-control wpcf7-email wpcf7-validates-as-required wpcf7-text form-control form-control-gray  wpcf7-validates-as-email\" aria-required=\"true\" aria-invalid=\"false\" placeholder=\"S\u00e4hk\u00f6postiosoite\" value=\"\" type=\"email\" name=\"email\" \/><\/span>\n<\/div>\n<\/div>\n\n<div class=\"form-row\">\n<div class=\"form-col\">\n<label>Viesti<\/label>\n<span class=\"wpcf7-form-control-wrap\" data-name=\"message\"><textarea cols=\"40\" rows=\"10\" maxlength=\"2000\" class=\"wpcf7-form-control wpcf7-text form-control form-control-gray area wpcf7-validates-as-required\" aria-required=\"true\" aria-invalid=\"false\" placeholder=\"Viesti\" name=\"message\"><\/textarea><\/span>\n<\/div>\n<\/div>\n\n<div class=\"form-row\">\n<div class=\"form-col\">\n<input class=\"wpcf7-form-control wpcf7-submit has-spinner\" type=\"submit\" value=\"L\u00e4het\u00e4\" \/>\n<\/div>\n<\/div>\n\n<div class=\"form-row form-row-privacy\">\n<div class=\"form-col\">L\u00e4hett\u00e4m\u00e4ll\u00e4 t\u00e4m\u00e4n lomakkeen hyv\u00e4ksyt, ett\u00e4 tietojasi k\u00e4sitell\u00e4\u00e4n <a href=\"https:\/\/touringcars.com\/fi\/privacy-policy-gdpr\/\" target=\"_blank\">tietosuojak\u00e4yt\u00e4nt\u00f6mme<\/a> mukaisesti.\n<\/div>\n<\/div>\n<input class=\"wpcf7-form-control wpcf7-hidden\" value=\"\" type=\"hidden\" name=\"irn\" \/><input class=\"wpcf7-form-control wpcf7-hidden\" value=\"\" type=\"hidden\" name=\"reference\" \/><div class=\"wpcf7-response-output\" aria-hidden=\"true\"><\/div>\n<\/form>\n<\/div>\n<\/div><\/div><\/div><\/div><\/div><\/div><\/div>        <\/div>\r\n    <\/div>\r\n<\/section>","protected":false},"excerpt":{"rendered":"","protected":false},"author":1,"featured_media":0,"parent":0,"menu_order":410,"comment_status":"closed","ping_status":"closed","template":"","meta":{"_acf_changed":false,"footnotes":""},"class_list":["post-14461","page","type-page","status-publish","hentry"],"acf":[],"_links":{"self":[{"href":"https:\/\/www.touringcars.com\/fi\/wp-json\/wp\/v2\/pages\/14461","targetHints":{"allow":["GET"]}}],"collection":[{"href":"https:\/\/www.touringcars.com\/fi\/wp-json\/wp\/v2\/pages"}],"about":[{"href":"https:\/\/www.touringcars.com\/fi\/wp-json\/wp\/v2\/types\/page"}],"author":[{"embeddable":true,"href":"https:\/\/www.touringcars.com\/fi\/wp-json\/wp\/v2\/users\/1"}],"replies":[{"embeddable":true,"href":"https:\/\/www.touringcars.com\/fi\/wp-json\/wp\/v2\/comments?post=14461"}],"version-history":[{"count":19,"href":"https:\/\/www.touringcars.com\/fi\/wp-json\/wp\/v2\/pages\/14461\/revisions"}],"predecessor-version":[{"id":29303,"href":"https:\/\/www.touringcars.com\/fi\/wp-json\/wp\/v2\/pages\/14461\/revisions\/29303"}],"wp:attachment":[{"href":"https:\/\/www.touringcars.com\/fi\/wp-json\/wp\/v2\/media?parent=14461"}],"curies":[{"name":"wp","href":"https:\/\/api.w.org\/{rel}","templated":true}]}}