{"id":13960,"date":"2025-01-01T14:07:15","date_gmt":"2025-01-01T14:07:15","guid":{"rendered":"https:\/\/touringcars.com\/careers\/"},"modified":"2025-08-01T12:25:50","modified_gmt":"2025-08-01T12:25:50","slug":"rekrytointi","status":"publish","type":"page","link":"https:\/\/www.touringcars.com\/fi\/rekrytointi\/","title":{"rendered":"Rekrytointi"},"content":{"rendered":"<section class=\"block block-hero text-style-white image-style-full\">\r\n    <div class=\"container container-full\">\r\n        <div class=\"glide image-slider\" data-uid=\"69d784c36d363\"><div class=\"glide__track\" data-glide-el=\"track\"><ul class=\"glide__slides\"><li class=\"glide__slide\"><img decoding=\"async\" src=\"https:\/\/www.touringcars.com\/wp-content\/uploads\/2025\/02\/TC_Vehicle_5.jpg-558x202.webp\" srcset=\"https:\/\/www.touringcars.com\/wp-content\/uploads\/2025\/02\/TC_Vehicle_5.jpg-300x108.webp 300w, https:\/\/www.touringcars.com\/wp-content\/uploads\/2025\/02\/TC_Vehicle_5.jpg-768x277.webp 768w, https:\/\/www.touringcars.com\/wp-content\/uploads\/2025\/02\/TC_Vehicle_5.jpg-714x258.webp 714w, https:\/\/www.touringcars.com\/wp-content\/uploads\/2025\/02\/TC_Vehicle_5.jpg-558x202.webp 558w, https:\/\/www.touringcars.com\/wp-content\/uploads\/2025\/02\/TC_Vehicle_5.jpg.webp 900w\" alt=\"TC_Vehicle_5.jpg\" data-no-lazy=\"1\" fetchpriority=\"high\"><\/li><\/ul><\/div><div class=\"glide__controls\"><div class=\"glide__arrows\" data-glide-el=\"controls\"><span class=\"glide__arrow glide__arrow--left\" aria-label=\"Vasen\" data-glide-dir=\"<\"><\/span><span class=\"glide__arrow glide__arrow--right\" aria-label=\"Oikea\" data-glide-dir=\">&#8221;><\/span><\/div><\/div><\/div><div class=\"hero-container\"><div class=\"breadcrumbs-container\"><ol><li><a href=\"https:\/\/www.touringcars.com\/fi\/\"><span>Touring Cars<\/span><\/a><\/li><\/ol><\/div><h1>Ty\u00f6paikat<\/h1><p class=\"hero__heading hero__heading--white\">Vakituinen &#8211; kes\u00e4ty\u00f6 &#8211; ty\u00f6harjoittelu<\/p>\n<\/div>    <\/div>\r\n    <\/section>\n\n<section class=\"block block-basic\">\r\n    <div class=\"container\">\r\n        <div class=\"content-container reveal\">\r\n            <h2>Ty\u00f6llistyminen, oppiminen ja urapolku kansainv\u00e4lisen matkailualan ja autoteollisuuden parissa<\/h2><p>Touring Cars on yksi Euroopan johtavista matkailuautolomien tuottajista kansainv\u00e4lisen autoturismin parissa. Meid\u00e4n tavoitteenamme on tarjota helppo ja turvallinen tapa matkustaa, rentoutua ja nauttia laatuajasta rakkaiden ja yst\u00e4vien kanssa, oman p\u00e4iv\u00e4rytmin ja mielihalujen mukaisesti. Lomailijat voivat noutaa reissuunsa yksil\u00f6llisesti varustellun matkailuauton valitsemastaan vuokrapisteest\u00e4, joita l\u00f6ytyy t\u00e4ll\u00e4 hetkell\u00e4 kuudesta eri maasta. Ty\u00f6ntekij\u00e4t ovat oleellinen osa asiakasl\u00e4ht\u00f6ist\u00e4 palvelukonseptiamme <strong>Good Feelings<\/strong> asiakaskokemuksen mahdollistajina.<\/p>\n        <\/div>\r\n    <\/div>\r\n<\/section>\n\n<section class=\"block block-textimage\">\r\n    <div class=\"container\">\r\n        <div class=\"content-row image-placement-left\">\r\n            <div class=\"content-container reveal\">\r\n                <h3>Faktaa Touring Carsista<\/h3><ul>\n<li><strong>Alan ammattitaitoa yli 40 vuodelta<\/strong> \u2013 Perustettu Suomessa vuonna 1982<\/li>\n<li><strong>Pohjoismainen pioneeri<\/strong> \u2013 Skandinavian vanhin matkailuautovuokraamoketju<\/li>\n<li><strong>Kansainv\u00e4linen ty\u00f6nantaja<\/strong> \u2013 Maailmanlaajuista matkailutoimintaa vuodesta 1985<\/li>\n<li><strong>Br\u00e4ndi, johon voit luottaa<\/strong> \u2013 Standardisoidut palvelut kuudessa maassa (2023)<\/li>\n<li><strong>Euroopan laajuinen ketju<\/strong> &#8211; Palveluketjussa 8 vuokraamopistett\u00e4 sek\u00e4 automyyntipalvelut<\/li>\n<li><strong>Laaja maailmanlaajuinen verkosto<\/strong> \u2013 Yli 140 yhteisty\u00f6kumppania ymp\u00e4ri maailmaa<\/li>\n<li><strong>Kasvava yritys<\/strong> \u2013 Vakaa liikevaihdon kasvu viimeisen 15 vuoden ajalta<\/li>\n<li><strong>Keskeiset arvot alkuvuosista asti<\/strong> \u2013 Asiakastyytyv\u00e4isyys, laatu, vastuullisuus<\/li>\n<li><strong>Omistautuneisuus<\/strong> \u2013 Turvallisuus, onnellisuus, vastuullisuus ja jatkuva kehitys ohjaavat jokap\u00e4iv\u00e4isi\u00e4 valintojamme<\/li>\n<li><strong>Hyv\u00e4 ty\u00f6paikka<\/strong> \u2013 Pieni ty\u00f6ntekij\u00f6iden vaihtuvuusaste (vakituiset ty\u00f6suhteet)<\/li>\n<li><strong>Luotettava kausity\u00f6paikkojen tarjoaja<\/strong> \u2013 Vuosittain useita kes\u00e4ty\u00f6paikkoja kaikissa vuokrauspisteiss\u00e4mme<\/li>\n<li><strong>Vaihtoehtoja opiskelijoille<\/strong> \u2013 Erilaisia mahdollisuuksia ty\u00f6harjoitteluun, valmistuville ja vastavalmistuneille<\/li>\n<\/ul>\n<div class=\"buttons\"><a href=\"https:\/\/www.touringcars.com\/en\/touring-cars-motorhome-rentals-europe\" class=\"btn\">Lis\u00e4tietoa meist\u00e4<\/a><\/div>            <\/div>\r\n            <div class=\"image-container reveal image-high\">\r\n                <img decoding=\"async\" src=\"https:\/\/www.touringcars.com\/wp-content\/uploads\/2025\/08\/image-1-574x522.png\" srcset=\"https:\/\/www.touringcars.com\/wp-content\/uploads\/2025\/08\/image-1-300x273.png 300w, https:\/\/www.touringcars.com\/wp-content\/uploads\/2025\/08\/image-1-768x699.png 768w, https:\/\/www.touringcars.com\/wp-content\/uploads\/2025\/08\/image-1-652x593.png 652w, https:\/\/www.touringcars.com\/wp-content\/uploads\/2025\/08\/image-1-584x531.png 584w, https:\/\/www.touringcars.com\/wp-content\/uploads\/2025\/08\/image-1-574x522.png 574w, https:\/\/www.touringcars.com\/wp-content\/uploads\/2025\/08\/image-1.png 829w\" alt=\"image (1)\" width=\"829\" height=\"754\">            <\/div>\r\n        <\/div>\r\n    <\/div>\r\n<\/section>\n\n<section class=\"block block-basic\">\r\n    <div class=\"container\">\r\n        <div class=\"content-container reveal\">\r\n            <h2>Yst\u00e4v\u00e4rekry \u2013 ty\u00f6, jossa yst\u00e4vyys ja seikkailut kohtaavat!<\/h2><p>Haluatko kes\u00e4ksi t\u00f6it\u00e4, jotka eiv\u00e4t ole pelkk\u00e4\u00e4 kahvikupin t\u00e4ytt\u00f6\u00e4 tai paperipinojen siirtely\u00e4? Touring Cars etsii nyt asiakaspalvelun supert\u00e4hti\u00e4, jotka eiv\u00e4t pelk\u00e4\u00e4 k\u00e4\u00e4ri\u00e4 hihojaan ja heitt\u00e4yty\u00e4 seikkailuun! T\u00e4m\u00e4 ei ole mik\u00e4 tahansa ty\u00f6 \u2013 meill\u00e4 olet mukana luomassa unohtumattomia lomia matkailijoille ymp\u00e4ri maailmaa.<\/p>\n<p>Milt\u00e4 kuulostaisi p\u00e4iv\u00e4, joka alkaa hymyilevien asiakkaiden tervetulleeksi toivottamisella ja p\u00e4\u00e4ttyy matkailuautojen viimesilausten tekoon? Ty\u00f6ss\u00e4si p\u00e4\u00e4set valmistamaan upeita lomia, ratkomaan pieni\u00e4 pulmia lennosta ja ehk\u00e4 jopa siirt\u00e4m\u00e4\u00e4n tyylikk\u00e4it\u00e4 matkailuautoja. Ja kyll\u00e4, siit\u00e4 maksetaan!<\/p>\n<p>Toivomme sinulta iloista ja reipasta asennetta \u2013 sellaista &#8221;kaikki hoituu&#8221; -meininki\u00e4. On t\u00e4rke\u00e4\u00e4, ett\u00e4 osaat puhua sujuvasti suomea ja englantia. Jos l\u00f6ytyy muutakin kielitaitoa, kuten saksaa, niin wow! Ajokortti on my\u00f6s must, koska hei, matkailuautot eiv\u00e4t kulje itsest\u00e4\u00e4n.<\/p>\n<p>Mit\u00e4 saat meilt\u00e4?<br \/>\nPalkkaa, totta kai, mutta my\u00f6s unohtumattomia kokemuksia, kansainv\u00e4list\u00e4 tunnelmaa ja mahdollisuuden kehitt\u00e4\u00e4 taitojasi asiakaspalvelun ja matkailun saralla.<br \/>\nBonus: meid\u00e4n tiimiss\u00e4 nauru raikaa ja jokainen p\u00e4iv\u00e4 on uusi seikkailu.<\/p>\n<p><strong>Haemme kes\u00e4ty\u00f6ntekij\u00f6it\u00e4 nelj\u00e4\u00e4n eri maahan:<\/strong><\/p>\n<ul>\n<li>Suomi, Vantaa<\/li>\n<li>Ruotsi, Tukholma<\/li>\n<li>Norja Tromssa<\/li>\n<li>Islanti, Keflavik<\/li>\n<\/ul>\n<p>Kanssamme on mahdollista sopia joustavasti eripituisista ty\u00f6suhteista, erilaisilla tuntim\u00e4\u00e4rill\u00e4. Tarjoamamme palkkataso on Suomessa 12\u20ac\/h.<\/p>\n<p><strong>N\u00e4in haet mukaan:<\/strong><\/p>\n<p>Voit hakea yksin tai yhdess\u00e4 yst\u00e4v\u00e4si kanssa. L\u00e4het\u00e4 hakemus ja CV osoitteeseen work@touringcars.eu otsikolla: Kes\u00e4ty\u00f6, toivomasi kaupunki &#8211; esimerkiksi &#8221;Kes\u00e4ty\u00f6 Tukholma&#8221;. Jos haette yhdess\u00e4 yst\u00e4v\u00e4n kanssa, mainitkaa toisenne hakemuksessa!<\/p>\n<p>Paikkoja t\u00e4ytet\u00e4\u00e4n sopivien tyyppien l\u00f6ydytty\u00e4, joten olethan nopea.<br \/>\nT\u00e4m\u00e4 kes\u00e4ty\u00f6 voi olla sinun paras p\u00e4\u00e4t\u00f6ksesi \u2013 yksin tai kaverin kanssa.<\/p>\n        <\/div>\r\n    <\/div>\r\n<\/section>\n\n<section class=\"block block-columns\">\r\n    <div class=\"container\">\r\n        <h2>Haluatko liitty\u00e4 monipuoliseen, ammattitaitoiseen ja dynaamiseen tiimiimme?<\/h2>        <div class=\"columns columns-2\">\r\n            <div class=\"column\"><div class=\"image-container reveal\"><img decoding=\"async\" src=\"https:\/\/www.touringcars.com\/wp-content\/uploads\/2025\/02\/signing_contract-533x300.jpg\" srcset=\"https:\/\/www.touringcars.com\/wp-content\/uploads\/2025\/02\/signing_contract-300x169.jpg 300w, https:\/\/www.touringcars.com\/wp-content\/uploads\/2025\/02\/signing_contract-1024x576.jpg 1024w, https:\/\/www.touringcars.com\/wp-content\/uploads\/2025\/02\/signing_contract-768x432.jpg 768w, https:\/\/www.touringcars.com\/wp-content\/uploads\/2025\/02\/signing_contract-1536x864.jpg 1536w, https:\/\/www.touringcars.com\/wp-content\/uploads\/2025\/02\/signing_contract-2048x1152.jpg 2048w, https:\/\/www.touringcars.com\/wp-content\/uploads\/2025\/02\/signing_contract-1054x593.jpg 1054w, https:\/\/www.touringcars.com\/wp-content\/uploads\/2025\/02\/signing_contract-714x402.jpg 714w, https:\/\/www.touringcars.com\/wp-content\/uploads\/2025\/02\/signing_contract-533x300.jpg 533w, https:\/\/www.touringcars.com\/wp-content\/uploads\/2025\/02\/signing_contract-846x476.jpg 846w\" alt=\"signing_contract\" width=\"2560\" height=\"1440\"><\/div><div class=\"content-container reveal\"><h3>Avoin ty\u00f6paikka \/ kes\u00e4ty\u00f6 \/ harjoittelupaikka<\/h3><p>Kuvaile lyhyesti ty\u00f6historiasi, opintojesi tilanne, ty\u00f6toiveesi, aloitusaika ja paikka, jossa haluaisit ty\u00f6skennell\u00e4.<\/p>\n<div class=\"buttons\"><a href=\"http:\/\/work@touringcars.eu\" class=\"btn btn-wide\" target=\"_blank\" rel=\"noopener noreferrer\">L\u00e4het\u00e4 hakemus<\/a><\/div><\/div><\/div><div class=\"column\"><div class=\"image-container reveal\"><img decoding=\"async\" src=\"https:\/\/www.touringcars.com\/wp-content\/uploads\/2025\/02\/tc-customer-service-history-2.jpg-525x300.webp\" srcset=\"https:\/\/www.touringcars.com\/wp-content\/uploads\/2025\/02\/tc-customer-service-history-2.jpg-300x171.webp 300w, https:\/\/www.touringcars.com\/wp-content\/uploads\/2025\/02\/tc-customer-service-history-2.jpg-1024x585.webp 1024w, https:\/\/www.touringcars.com\/wp-content\/uploads\/2025\/02\/tc-customer-service-history-2.jpg-768x439.webp 768w, https:\/\/www.touringcars.com\/wp-content\/uploads\/2025\/02\/tc-customer-service-history-2.jpg-1038x593.webp 1038w, https:\/\/www.touringcars.com\/wp-content\/uploads\/2025\/02\/tc-customer-service-history-2.jpg-714x408.webp 714w, https:\/\/www.touringcars.com\/wp-content\/uploads\/2025\/02\/tc-customer-service-history-2.jpg-525x300.webp 525w, https:\/\/www.touringcars.com\/wp-content\/uploads\/2025\/02\/tc-customer-service-history-2.jpg.webp 1400w\" alt=\"tc customer service history 2.jpg\" width=\"1400\" height=\"800\"><\/div><div class=\"content-container reveal\"><h3>Ty\u00f6harjoittelu vuokrausmyynniss\u00e4 &#8211; kansainv\u00e4linen matkailuautovuokraamo<\/h3><p>Touring Cars, Pohjois-Euroopan johtava matkailuautojen vuokrausketju, etsii dynaamista ja asiakaspalveluhenkist\u00e4 ty\u00f6harjoittelijaa liittym\u00e4\u00e4n kansainv\u00e4liseen tiimiimme. Tarjoamme tilaisuuden kehitty\u00e4 myynnin ja asiakaspalvelun ammattilaiseksi matkailualan j\u00e4nnitt\u00e4v\u00e4ss\u00e4 ymp\u00e4rist\u00f6ss\u00e4.<\/p>\n<p>Ty\u00f6harjoittelijana osallistut monipuolisesti myyntitiimin p\u00e4ivitt\u00e4isiin teht\u00e4viin. Ty\u00f6si koostuu p\u00e4\u00e4asiassa asiakaspalvelusta s\u00e4hk\u00f6postitse ja puhelimitse, varausten k\u00e4sittelyst\u00e4, laskutuksesta sek\u00e4 muista myyntiin liittyvist\u00e4 teht\u00e4vist\u00e4. Harjoittelusi aikana p\u00e4\u00e4set kehitt\u00e4m\u00e4\u00e4n asiakaspalvelu- ja myyntitaitojasi k\u00e4yt\u00e4nn\u00f6n ty\u00f6ss\u00e4. T\u00e4m\u00e4 harjoittelupaikka on erinomainen tilaisuus opiskelijoille, jotka ovat kiinnostuneita urasta matkailu- tai myyntialalla.<\/p>\n<div class=\"buttons\"><a href=\"https:\/\/www.touringcars.com\/en\/internship-in-rental-services\" class=\"btn btn-wide\">Lue lis\u00e4\u00e4<\/a><\/div><\/div><\/div>        <\/div>\r\n    <\/div>\r\n<\/section>","protected":false},"excerpt":{"rendered":"","protected":false},"author":1,"featured_media":14352,"parent":0,"menu_order":492,"comment_status":"closed","ping_status":"closed","template":"","meta":{"_acf_changed":false,"footnotes":""},"class_list":["post-13960","page","type-page","status-publish","has-post-thumbnail","hentry"],"acf":[],"_links":{"self":[{"href":"https:\/\/www.touringcars.com\/fi\/wp-json\/wp\/v2\/pages\/13960","targetHints":{"allow":["GET"]}}],"collection":[{"href":"https:\/\/www.touringcars.com\/fi\/wp-json\/wp\/v2\/pages"}],"about":[{"href":"https:\/\/www.touringcars.com\/fi\/wp-json\/wp\/v2\/types\/page"}],"author":[{"embeddable":true,"href":"https:\/\/www.touringcars.com\/fi\/wp-json\/wp\/v2\/users\/1"}],"replies":[{"embeddable":true,"href":"https:\/\/www.touringcars.com\/fi\/wp-json\/wp\/v2\/comments?post=13960"}],"version-history":[{"count":3,"href":"https:\/\/www.touringcars.com\/fi\/wp-json\/wp\/v2\/pages\/13960\/revisions"}],"predecessor-version":[{"id":20514,"href":"https:\/\/www.touringcars.com\/fi\/wp-json\/wp\/v2\/pages\/13960\/revisions\/20514"}],"wp:featuredmedia":[{"embeddable":true,"href":"https:\/\/www.touringcars.com\/fi\/wp-json\/wp\/v2\/media\/14352"}],"wp:attachment":[{"href":"https:\/\/www.touringcars.com\/fi\/wp-json\/wp\/v2\/media?parent=13960"}],"curies":[{"name":"wp","href":"https:\/\/api.w.org\/{rel}","templated":true}]}}