{"id":28369,"date":"2026-03-23T09:05:44","date_gmt":"2026-03-23T09:05:44","guid":{"rendered":"https:\/\/www.touringcars.com\/?page_id=28369"},"modified":"2026-03-23T11:17:19","modified_gmt":"2026-03-23T11:17:19","slug":"map-of-services-around-the-keflavik-rental-station","status":"publish","type":"page","link":"https:\/\/www.touringcars.com\/en\/map-of-services-around-the-keflavik-rental-station\/","title":{"rendered":"Map of services around the Keflavik rental station"},"content":{"rendered":"<section class=\"block block-map\">\r\n    <div class=\"container\">\r\n                <div class=\"map-container\">\r\n            <div class=\"map-labels\">\r\n                <div class=\"map-label\"><span class=\"marker-label yellow\"><\/span><\/div>            <\/div>\r\n            <div class=\"map google-map\" id=\"map-6a03919a27dce\"><\/div>\r\n            <script type=\"text\/javascript\">\r\n                window.mapData = window.mapData || {};\r\n                window.mapData['map-6a03919a27dce'] = {\"map_id\":\"map-6a03919a27dce\",\"marker_types\":{\"yellow\":{\"class\":\"yellow\",\"label\":\"\"}},\"markers\":[{\"address\":\"Flugvellir 27, 230 Keflav\\u00edk\",\"label\":\"Gas bottle exchange (N1 Flugvellir)\",\"type\":\"yellow\",\"lat\":63.997594,\"lng\":-22.583493},{\"address\":\"Fitjar, 260 Reykjanesb\\u00e6r\",\"label\":\"Gas bottle exchange (Orkan)\",\"type\":\"yellow\",\"lat\":63.972533,\"lng\":-22.543388},{\"address\":\"Bygg\\u00f0avegur, 245 Sandger\\u00f0i\",\"label\":\"Campsite (Sandger\\u00f0i Camping)\",\"type\":\"yellow\",\"lat\":64.038892,\"lng\":-22.696205},{\"address\":\"38J5+W8H, 251, Iceland\",\"label\":\"Campsite (Camping Gar\\u00f0ur)\",\"type\":\"yellow\",\"lat\":64.082313,\"lng\":-22.691641},{\"address\":\"Fitjar, 260 Njar\\u00f0v\\u00edk\",\"label\":\"Supermarket (B\\u00f3nus)\",\"type\":\"yellow\",\"lat\":63.973164,\"lng\":-22.543399},{\"address\":\"Fitjabraut 5, 260 Njar\\u00f0v\\u00edk\",\"label\":\"Supermarket (Kr\\u00f3nan)\",\"type\":\"yellow\",\"lat\":63.981364,\"lng\":-22.544495},{\"address\":\"Fitjabraut 1, 260 Njar\\u00f0v\\u00edk\",\"label\":\"Grey- and Blackwater Disposal for Camper\",\"type\":\"yellow\",\"lat\":63.983553,\"lng\":-22.544794}]};\r\n            <\/script>\r\n        <\/div>\r\n    <\/div>\r\n<\/section>\n\n\n<p><\/p>\n\n\n\n<ul class=\"wp-block-list\">\n<li><strong>CAMPSITES:<\/strong><br><strong>Sandger\u00f0i Camping<\/strong>: Bygg\u00f0avegur, 245 Sandger\u00f0i<br><strong>Camping Gar\u00f0ur<\/strong>: 38J5+W8H, 251, Iceland<\/li>\n\n\n\n<li><strong>SUPERMARKET:<\/strong><br><strong>B\u00f3nus: <\/strong>Fitjar, 260 Njar\u00f0v\u00edk<br><strong>Kr\u00f3nan Reykjanesb\u00e6:<\/strong> Fitjabraut 5, 260 Njar\u00f0v\u00edk<\/li>\n\n\n\n<li><strong>GAS BOTTLE EXCHANGE:<\/strong><br><strong>N1 Flugvellir:<\/strong> Flugvellir 27, 230 Keflav\u00edk<\/li>\n\n\n\n<li><strong>OTHER USEFUL INFORMATION:<\/strong><br><strong>Current road conditions:<\/strong> <a href=\"https:\/\/en.vedur.is\/\"><\/a><a href=\"https:\/\/eur01.safelinks.protection.outlook.com\/?url=http%3A%2F%2Fwww.road.is%2F&amp;data=05%7C02%7Cdebora.nunez%40touringcars.com%7C716bfd0d370a435ed63c08de0667b56f%7C2810ecd537b44728a0b2eba2607886f6%7C0%7C0%7C638955240196408582%7CUnknown%7CTWFpbGZsb3d8eyJFbXB0eU1hcGkiOnRydWUsIlYiOiIwLjAuMDAwMCIsIlAiOiJXaW4zMiIsIkFOIjoiTWFpbCIsIldUIjoyfQ%3D%3D%7C0%7C%7C%7C&amp;sdata=ms20yKZ4ctEbMUz5FA22eJ6alalA6KT3B4b8wLStL48%3D&amp;reserved=0\">www.road.is<\/a><br><strong>Weather forecast:<\/strong> <a href=\"https:\/\/en.vedur.is\/\">https:\/\/en.vedur.is\/<\/a><br><strong>Weather warnings:<\/strong> <a href=\"https:\/\/eur01.safelinks.protection.outlook.com\/?url=http%3A%2F%2Fwww.safetravel.is%2F&amp;data=05%7C02%7Cdebora.nunez%40touringcars.com%7C716bfd0d370a435ed63c08de0667b56f%7C2810ecd537b44728a0b2eba2607886f6%7C0%7C0%7C638955240196391821%7CUnknown%7CTWFpbGZsb3d8eyJFbXB0eU1hcGkiOnRydWUsIlYiOiIwLjAuMDAwMCIsIlAiOiJXaW4zMiIsIkFOIjoiTWFpbCIsIldUIjoyfQ%3D%3D%7C0%7C%7C%7C&amp;sdata=URznSa99U%2F3koTaZTqy1iNgCp4GD%2F29SRSKFSoNqhP0%3D&amp;reserved=0\">www.safetravel.is<\/a><br><\/li>\n<\/ul>\n","protected":false},"excerpt":{"rendered":"","protected":false},"author":16,"featured_media":0,"parent":0,"menu_order":29,"comment_status":"closed","ping_status":"closed","template":"","meta":{"_acf_changed":false,"footnotes":""},"class_list":["post-28369","page","type-page","status-publish","hentry"],"acf":[],"_links":{"self":[{"href":"https:\/\/www.touringcars.com\/en\/wp-json\/wp\/v2\/pages\/28369","targetHints":{"allow":["GET"]}}],"collection":[{"href":"https:\/\/www.touringcars.com\/en\/wp-json\/wp\/v2\/pages"}],"about":[{"href":"https:\/\/www.touringcars.com\/en\/wp-json\/wp\/v2\/types\/page"}],"author":[{"embeddable":true,"href":"https:\/\/www.touringcars.com\/en\/wp-json\/wp\/v2\/users\/16"}],"replies":[{"embeddable":true,"href":"https:\/\/www.touringcars.com\/en\/wp-json\/wp\/v2\/comments?post=28369"}],"version-history":[{"count":7,"href":"https:\/\/www.touringcars.com\/en\/wp-json\/wp\/v2\/pages\/28369\/revisions"}],"predecessor-version":[{"id":28398,"href":"https:\/\/www.touringcars.com\/en\/wp-json\/wp\/v2\/pages\/28369\/revisions\/28398"}],"wp:attachment":[{"href":"https:\/\/www.touringcars.com\/en\/wp-json\/wp\/v2\/media?parent=28369"}],"curies":[{"name":"wp","href":"https:\/\/api.w.org\/{rel}","templated":true}]}}