{"id":14463,"date":"2025-01-01T14:06:57","date_gmt":"2025-01-01T14:06:57","guid":{"rendered":"https:\/\/touringcars.com\/about-us\/"},"modified":"2026-04-22T13:09:27","modified_gmt":"2026-04-22T13:09:27","slug":"ueber-touring-cars","status":"publish","type":"page","link":"https:\/\/www.touringcars.com\/de\/ueber-touring-cars\/","title":{"rendered":"\u00dcber Touring Cars"},"content":{"rendered":"<section class=\"block block-hero text-style-white image-style-full\">\r\n    <div class=\"container container-full\">\r\n        <div class=\"image-slider video-container\"><div class=\"glide__slide\"><img decoding=\"async\" src=\"https:\/\/www.touringcars.com\/wp-content\/uploads\/2025\/02\/tc-customer-service_-ninni_varsila-desk-rental_station-890x593.jpeg\" srcset=\"https:\/\/www.touringcars.com\/wp-content\/uploads\/2025\/02\/tc-customer-service_-ninni_varsila-desk-rental_station-300x200.jpeg 300w, https:\/\/www.touringcars.com\/wp-content\/uploads\/2025\/02\/tc-customer-service_-ninni_varsila-desk-rental_station-1024x683.jpeg 1024w, https:\/\/www.touringcars.com\/wp-content\/uploads\/2025\/02\/tc-customer-service_-ninni_varsila-desk-rental_station-768x512.jpeg 768w, https:\/\/www.touringcars.com\/wp-content\/uploads\/2025\/02\/tc-customer-service_-ninni_varsila-desk-rental_station-890x593.jpeg 890w, https:\/\/www.touringcars.com\/wp-content\/uploads\/2025\/02\/tc-customer-service_-ninni_varsila-desk-rental_station-714x476.jpeg 714w, https:\/\/www.touringcars.com\/wp-content\/uploads\/2025\/02\/tc-customer-service_-ninni_varsila-desk-rental_station-450x300.jpeg 450w, https:\/\/www.touringcars.com\/wp-content\/uploads\/2025\/02\/tc-customer-service_-ninni_varsila-desk-rental_station-367x245.jpeg 367w, https:\/\/www.touringcars.com\/wp-content\/uploads\/2025\/02\/tc-customer-service_-ninni_varsila-desk-rental_station.jpeg 1500w\" alt=\"tc-customer-service_ ninni_varsila-desk-rental_station\" loading=\"eager\" data-no-lazy=\"1\" fetchpriority=\"high\"><video autoplay loop muted playsinline><source src=\"https:\/\/player.vimeo.com\/progressive_redirect\/playback\/1061162486\/rendition\/2160p\/file.mp4?loc=external&#038;log_user=0&#038;signature=9e0f1661e507b1ec42aec05bfc045b388643670c8124b8b3c198a4d2e0150a86&#038;user_id=69721377\" type=\"video\/mp4\"><\/video><\/div><\/div><div class=\"hero-container\"><div class=\"breadcrumbs-container\"><ol><li><a href=\"https:\/\/www.touringcars.com\/de\/\"><span>Touring Cars<\/span><\/a><\/li><\/ol><\/div><h1>\u00dcber Touring Cars<\/h1><\/div>    <\/div>\r\n    <\/section>\n\n<section class=\"block block-basic\">\r\n    <div class=\"container\">\r\n        <div class=\"content-container reveal\">\r\n            <h2>Einer der \u00e4ltesten Anbieter f\u00fcr Mietwohnmobile und Premium-Ferien f\u00fcr Familien in Europa<\/h2><p>Unsere aufregende Reise begann 1982 in Finnland. Seitdem haben wir uns zu einem der wichtigsten Anbieter in unserem Bereich in Europa entwickelt. Die Franchisekette Touring Cars bietet in 8 L\u00e4ndern und an 10 Mietstationen erstklassige Wohnmobile und Reisedienstleistungen an. Unser Hauptsitz ist in Finnland und die F\u00fchrung liegt bei unserer dynamischen Gesch\u00e4ftsleitung. Unsere europ\u00e4ischen Vermietungsstationen und Fahrzeugservices werden von lokalen Unternehmern betrieben.<\/p>\n<h3>Seit \u00fcber vier Jahrzehnten Traumferien voller Freude und Gl\u00fcck<\/h3>\n<p>Unser Gesch\u00e4ftsmodell ist perfekt auf die steigende Nachfrage nach individuell zugeschnittenen, nachhaltigen Reisen abgestimmt. Immer mehr Menschen wollen das authentische Europa und seine verborgenen Sch\u00e4tze einfach, m\u00fchelos und bequem nach ihrem eigenen Zeitplan und ihren pers\u00f6nlichen Interessen erkunden. Das Gesch\u00e4ftskonzept von Touring Cars hat sich seit 1982 immer weiterentwickelt.<\/p>\n        <\/div>\r\n    <\/div>\r\n<\/section>\n\n<section class=\"block block-textimage\">\r\n    <div class=\"container\">\r\n        <div class=\"content-row image-placement-right\">\r\n            <div class=\"content-container reveal\">\r\n                <h3>Premiumurlaubskonzept von Touring Cars seit 1982 <\/h3><ul>\n<li>Vertretung in 8\u202f L\u00e4ndern durch 10 Vermietungsstationen<\/li>\n<li>Lizenzinhaber und Hauptsitz in Finnland<\/li>\n<li>Reisende aus 75\u202fL\u00e4ndern<\/li>\n<li>Vertrieb in 40\u202fL\u00e4ndern<\/li>\n<li>\u00dcber 120\u202fReisepartner weltweit<\/li>\n<li>15\u202fJahre des stetigen j\u00e4hrlichen Wachstums<\/li>\n<\/ul>\n            <\/div>\r\n            <div class=\"image-container reveal\">\r\n                <img decoding=\"async\" src=\"https:\/\/www.touringcars.com\/wp-content\/uploads\/2026\/01\/TC-KarttaWeb-1-574x574.jpg\" srcset=\"https:\/\/www.touringcars.com\/wp-content\/uploads\/2026\/01\/TC-KarttaWeb-1-300x300.jpg 300w, https:\/\/www.touringcars.com\/wp-content\/uploads\/2026\/01\/TC-KarttaWeb-1-150x150.jpg 150w, https:\/\/www.touringcars.com\/wp-content\/uploads\/2026\/01\/TC-KarttaWeb-1-593x593.jpg 593w, https:\/\/www.touringcars.com\/wp-content\/uploads\/2026\/01\/TC-KarttaWeb-1-531x531.jpg 531w, https:\/\/www.touringcars.com\/wp-content\/uploads\/2026\/01\/TC-KarttaWeb-1-136x136.jpg 136w, https:\/\/www.touringcars.com\/wp-content\/uploads\/2026\/01\/TC-KarttaWeb-1-310x310.jpg 310w, https:\/\/www.touringcars.com\/wp-content\/uploads\/2026\/01\/TC-KarttaWeb-1-574x574.jpg 574w, https:\/\/www.touringcars.com\/wp-content\/uploads\/2026\/01\/TC-KarttaWeb-1.jpg 754w\" alt=\"Touring Cars Rental Locations Map\" width=\"754\" height=\"754\">            <\/div>\r\n        <\/div>\r\n    <\/div>\r\n<\/section>\n\n<section class=\"block block-centertext bg-white bottom-spacing-small\">\r\n    <div class=\"container\">\r\n        <div class=\"content-container reveal\">\r\n            <h2>With our tested Key-to-Freedom concept a customized Good-Feelings holiday guaranteed<\/h2>        <\/div>\r\n    <\/div>\r\n<\/section>\n\n<section class=\"block block-columns\">\r\n    <div class=\"container\">\r\n                <div class=\"columns columns-2\">\r\n            <div class=\"column\"><div class=\"image-container reveal\"><img decoding=\"async\" src=\"https:\/\/www.touringcars.com\/wp-content\/uploads\/2025\/02\/touringcars_team.jpg-525x300.webp\" srcset=\"https:\/\/www.touringcars.com\/wp-content\/uploads\/2025\/02\/touringcars_team.jpg-300x171.webp 300w, https:\/\/www.touringcars.com\/wp-content\/uploads\/2025\/02\/touringcars_team.jpg-1024x585.webp 1024w, https:\/\/www.touringcars.com\/wp-content\/uploads\/2025\/02\/touringcars_team.jpg-768x439.webp 768w, https:\/\/www.touringcars.com\/wp-content\/uploads\/2025\/02\/touringcars_team.jpg-1038x593.webp 1038w, https:\/\/www.touringcars.com\/wp-content\/uploads\/2025\/02\/touringcars_team.jpg-714x408.webp 714w, https:\/\/www.touringcars.com\/wp-content\/uploads\/2025\/02\/touringcars_team.jpg-525x300.webp 525w, https:\/\/www.touringcars.com\/wp-content\/uploads\/2025\/02\/touringcars_team.jpg.webp 1400w\" alt=\"touringcars_team.jpg\" width=\"1400\" height=\"800\"><\/div><div class=\"content-container reveal\"><h3>Franchise-Kette<\/h3><div class=\"buttons\"><a href=\"https:\/\/www.touringcars.com\/wp-content\/uploads\/2025\/10\/Contact-directory-website.pdf\" class=\"btn btn-wide\">Unternehmenspersonal<\/a><\/div><\/div><\/div><div class=\"column\"><div class=\"image-container reveal\"><img decoding=\"async\" src=\"https:\/\/www.touringcars.com\/wp-content\/uploads\/2025\/02\/6.PNG-525x300.webp\" srcset=\"https:\/\/www.touringcars.com\/wp-content\/uploads\/2025\/02\/6.PNG-300x171.webp 300w, https:\/\/www.touringcars.com\/wp-content\/uploads\/2025\/02\/6.PNG-1024x585.webp 1024w, https:\/\/www.touringcars.com\/wp-content\/uploads\/2025\/02\/6.PNG-768x439.webp 768w, https:\/\/www.touringcars.com\/wp-content\/uploads\/2025\/02\/6.PNG-1038x593.webp 1038w, https:\/\/www.touringcars.com\/wp-content\/uploads\/2025\/02\/6.PNG-714x408.webp 714w, https:\/\/www.touringcars.com\/wp-content\/uploads\/2025\/02\/6.PNG-525x300.webp 525w, https:\/\/www.touringcars.com\/wp-content\/uploads\/2025\/02\/6.PNG.webp 1400w\" alt=\"6.PNG\" width=\"1400\" height=\"800\"><\/div><div class=\"content-container reveal\"><h3>Touring Cars seit 1982<\/h3><div class=\"buttons\"><a href=\"https:\/\/www.touringcars.com\/de\/ueber-touring-cars\/the-history-of-touring-cars\/\" class=\"btn btn-wide\">Historische Schritte (EN)<\/a><\/div><\/div><\/div>        <\/div>\r\n    <\/div>\r\n<\/section>\n\n<section class=\"block block-centertext bg-white\">\r\n    <div class=\"container\">\r\n        <div class=\"content-container reveal\">\r\n            <h2>Sehen Sie, warum Kunden uns hoch bewerten<\/h2><script src=\"https:\/\/static.elfsight.com\/platform\/platform.js\" async><\/script><div class=\"elfsight-app-34f3d27b-173c-4fe0-a35a-6a90999c5338\" data-elfsight-app-lazy><\/div>\n        <\/div>\r\n    <\/div>\r\n<\/section>\n\n<section class=\"block block-centertext bg-white\">\r\n    <div class=\"container\">\r\n        <div class=\"content-container reveal\">\r\n            <h2>Touring Cars Franchisekette<\/h2><h3 class=\"text-align-center\">Hauptsitz &amp; Internationales Vertriebsb\u00fcro<\/h3>\n<p class=\"text-align-center\"><a href=\"https:\/\/maps.app.goo.gl\/YZd5tPTwu94WR2Fu9\" target=\"_blank\" rel=\"noopener\">Tiilenly\u00f6j\u00e4nkuja 6, 01720 Vantaa, Finland<\/a><br \/>\n<a href=\"tel:+3588494050\">+358 9 849 4050<\/a><\/p>\n<div class=\"buttons\"><a href=\"\" class=\"btn btn-wide\" target=\"_blank\" rel=\"noopener noreferrer\">Touring Cars lokale Mietstationen<\/a><\/div>        <\/div>\r\n    <\/div>\r\n<\/section>\n\n<section class=\"block block-contactform bg-white input-style-gray\">\r\n    <div class=\"container\">\r\n        <div class=\"content-container reveal\">\r\n            <div class=\"accordion accordion-sections\"><div class=\"accordion-section\"><div class=\"accordion-item\"><h4 class=\"accordion-header\" id=\"heading-nachricht-senden\"><button class=\"accordion-button\" type=\"button\" data-bs-toggle=\"collapse\" data-bs-target=\"#collapse-nachricht-senden\" aria-expanded=\"true\" aria-controls=\"collapse-nachricht-senden\">Nachricht senden<\/button><\/h4><div id=\"collapse-nachricht-senden\" class=\"accordion-collapse collapse show\" aria-labelledby=\"heading-nachricht-senden\"><div class=\"accordion-body\"><div class=\"accordion-body-container\"><div class=\"form-container\">\n<div class=\"wpcf7 no-js\" id=\"wpcf7-f12773-o1\" lang=\"de-DE\" dir=\"ltr\" data-wpcf7-id=\"12773\">\n<div class=\"screen-reader-response\"><p role=\"status\" aria-live=\"polite\" aria-atomic=\"true\"><\/p> <ul><\/ul><\/div>\n<form action=\"\/de\/wp-json\/wp\/v2\/pages\/14463#wpcf7-f12773-o1\" method=\"post\" class=\"wpcf7-form init\" aria-label=\"Kontaktformular\" novalidate=\"novalidate\" data-status=\"init\">\n<fieldset class=\"hidden-fields-container\"><input type=\"hidden\" name=\"_wpcf7\" value=\"12773\" \/><input type=\"hidden\" name=\"_wpcf7_version\" value=\"6.1.5\" \/><input type=\"hidden\" name=\"_wpcf7_locale\" value=\"de_DE\" \/><input type=\"hidden\" name=\"_wpcf7_unit_tag\" value=\"wpcf7-f12773-o1\" \/><input type=\"hidden\" name=\"_wpcf7_container_post\" value=\"0\" \/><input type=\"hidden\" name=\"_wpcf7_posted_data_hash\" value=\"\" \/><input type=\"hidden\" name=\"_wpcf7_recaptcha_response\" value=\"\" \/>\n<\/fieldset>\n<div class=\"form-row\">\n<div class=\"form-col\">\n<label>Vorname<\/label>\n<span class=\"wpcf7-form-control-wrap\" data-name=\"firstname\"><input size=\"40\" maxlength=\"400\" class=\"wpcf7-form-control wpcf7-text form-control form-control-gray  wpcf7-validates-as-required\" aria-required=\"true\" aria-invalid=\"false\" placeholder=\"Vorname\" value=\"\" type=\"text\" name=\"firstname\" \/><\/span>\n<\/div>\n<div class=\"form-col\">\n<label>Nachname<\/label>\n<span class=\"wpcf7-form-control-wrap\" data-name=\"lastname\"><input size=\"40\" maxlength=\"400\" class=\"wpcf7-form-control wpcf7-text form-control form-control-gray  wpcf7-validates-as-required\" aria-required=\"true\" aria-invalid=\"false\" placeholder=\"Nachname\" value=\"\" type=\"text\" name=\"lastname\" \/><\/span>\n<\/div>\n<\/div>\n\n<div class=\"form-row\">\n<div class=\"form-col\">\n<label>Rufnummer<\/label>\n<span class=\"wpcf7-form-control-wrap\" data-name=\"phone\"><input size=\"40\" maxlength=\"400\" class=\"wpcf7-form-control wpcf7-tel wpcf7-validates-as-required wpcf7-text form-control form-control-gray  wpcf7-validates-as-tel\" aria-required=\"true\" aria-invalid=\"false\" placeholder=\"Rufnummer\" value=\"\" type=\"tel\" name=\"phone\" \/><\/span>\n<\/div>\n<div class=\"form-col\">\n<label>Email-Adresse<\/label>\n<span class=\"wpcf7-form-control-wrap\" data-name=\"email\"><input size=\"40\" maxlength=\"400\" class=\"wpcf7-form-control wpcf7-email wpcf7-validates-as-required wpcf7-text form-control form-control-gray  wpcf7-validates-as-email\" aria-required=\"true\" aria-invalid=\"false\" placeholder=\"Email-Adresse\" value=\"\" type=\"email\" name=\"email\" \/><\/span>\n<\/div>\n<\/div>\n\n<div class=\"form-row\">\n<div class=\"form-col\">\n<label>Nachricht<\/label>\n<span class=\"wpcf7-form-control-wrap\" data-name=\"message\"><textarea cols=\"40\" rows=\"10\" maxlength=\"2000\" class=\"wpcf7-form-control wpcf7-text form-control form-control-gray area wpcf7-validates-as-required\" aria-required=\"true\" aria-invalid=\"false\" placeholder=\"Nachricht\" name=\"message\"><\/textarea><\/span>\n<\/div>\n<\/div>\n\n<div class=\"form-row\">\n<div class=\"form-col\">\n<input class=\"wpcf7-form-control wpcf7-submit has-spinner\" type=\"submit\" value=\"Senden Sie\" \/>\n<\/div>\n<\/div>\n\n<div class=\"form-row form-row-privacy\">\n<div class=\"form-col\">Mit dem Absenden dieses Formulars erkl\u00e4ren Sie sich mit dem Umgang mit Ihren Daten gem\u00e4\u00df unserer <a href=\"https:\/\/touringcars.com\/de\/privacy-policy-gdpr\/\" target=\"_blank\">Datenschutzrichtlinie<\/a> einverstanden.\n<\/div>\n<\/div>\n<input class=\"wpcf7-form-control wpcf7-hidden\" value=\"\" type=\"hidden\" name=\"irn\" \/><input class=\"wpcf7-form-control wpcf7-hidden\" value=\"\" type=\"hidden\" name=\"reference\" \/><div class=\"wpcf7-response-output\" aria-hidden=\"true\"><\/div>\n<\/form>\n<\/div>\n<\/div><\/div><\/div><\/div><\/div><\/div><\/div>        <\/div>\r\n    <\/div>\r\n<\/section>","protected":false},"excerpt":{"rendered":"","protected":false},"author":1,"featured_media":0,"parent":0,"menu_order":410,"comment_status":"closed","ping_status":"closed","template":"","meta":{"_acf_changed":false,"footnotes":""},"class_list":["post-14463","page","type-page","status-publish","hentry"],"acf":[],"_links":{"self":[{"href":"https:\/\/www.touringcars.com\/de\/wp-json\/wp\/v2\/pages\/14463","targetHints":{"allow":["GET"]}}],"collection":[{"href":"https:\/\/www.touringcars.com\/de\/wp-json\/wp\/v2\/pages"}],"about":[{"href":"https:\/\/www.touringcars.com\/de\/wp-json\/wp\/v2\/types\/page"}],"author":[{"embeddable":true,"href":"https:\/\/www.touringcars.com\/de\/wp-json\/wp\/v2\/users\/1"}],"replies":[{"embeddable":true,"href":"https:\/\/www.touringcars.com\/de\/wp-json\/wp\/v2\/comments?post=14463"}],"version-history":[{"count":24,"href":"https:\/\/www.touringcars.com\/de\/wp-json\/wp\/v2\/pages\/14463\/revisions"}],"predecessor-version":[{"id":29305,"href":"https:\/\/www.touringcars.com\/de\/wp-json\/wp\/v2\/pages\/14463\/revisions\/29305"}],"wp:attachment":[{"href":"https:\/\/www.touringcars.com\/de\/wp-json\/wp\/v2\/media?parent=14463"}],"curies":[{"name":"wp","href":"https:\/\/api.w.org\/{rel}","templated":true}]}}