{"id":14148,"date":"2025-02-04T20:53:09","date_gmt":"2025-02-04T20:53:09","guid":{"rendered":"https:\/\/touringcars.com\/contact-us\/"},"modified":"2026-02-05T13:33:09","modified_gmt":"2026-02-05T13:33:09","slug":"contact-us","status":"publish","type":"page","link":"https:\/\/www.touringcars.com\/de\/contact-us\/","title":{"rendered":"Kontakt"},"content":{"rendered":"<section class=\"block block-hero text-style-white image-style-full\">\r\n    <div class=\"container container-full\">\r\n        <div class=\"glide image-slider\" data-uid=\"69e2d4995238c\"><div class=\"glide__track\" data-glide-el=\"track\"><ul class=\"glide__slides\"><li class=\"glide__slide\"><img decoding=\"async\" src=\"https:\/\/www.touringcars.com\/wp-content\/uploads\/2025\/02\/TC_Vehicle_5-451x300.jpg\" srcset=\"https:\/\/www.touringcars.com\/wp-content\/uploads\/2025\/02\/TC_Vehicle_5-300x200.jpg 300w, https:\/\/www.touringcars.com\/wp-content\/uploads\/2025\/02\/TC_Vehicle_5-1024x681.jpg 1024w, https:\/\/www.touringcars.com\/wp-content\/uploads\/2025\/02\/TC_Vehicle_5-768x511.jpg 768w, https:\/\/www.touringcars.com\/wp-content\/uploads\/2025\/02\/TC_Vehicle_5-1536x1022.jpg 1536w, https:\/\/www.touringcars.com\/wp-content\/uploads\/2025\/02\/TC_Vehicle_5-2048x1363.jpg 2048w, https:\/\/www.touringcars.com\/wp-content\/uploads\/2025\/02\/TC_Vehicle_5-1920x1278.jpg 1920w, https:\/\/www.touringcars.com\/wp-content\/uploads\/2025\/02\/TC_Vehicle_5-891x593.jpg 891w, https:\/\/www.touringcars.com\/wp-content\/uploads\/2025\/02\/TC_Vehicle_5-714x475.jpg 714w, https:\/\/www.touringcars.com\/wp-content\/uploads\/2025\/02\/TC_Vehicle_5-451x300.jpg 451w, https:\/\/www.touringcars.com\/wp-content\/uploads\/2025\/02\/TC_Vehicle_5-367x245.jpg 367w\" alt=\"TC_Vehicle_5\" data-no-lazy=\"1\" fetchpriority=\"high\"><\/li><\/ul><\/div><div class=\"glide__controls\"><div class=\"glide__arrows\" data-glide-el=\"controls\"><span class=\"glide__arrow glide__arrow--left\" aria-label=\"Links\" data-glide-dir=\"<\"><\/span><span class=\"glide__arrow glide__arrow--right\" aria-label=\"Rechts\" data-glide-dir=\">&#8222;><\/span><\/div><\/div><\/div><div class=\"hero-container\"><div class=\"breadcrumbs-container\"><ol><li><a href=\"https:\/\/www.touringcars.com\/de\/\"><span>Touring Cars<\/span><\/a><\/li><\/ol><\/div><h1>Kontakt<\/h1><p>Touring Cars<\/p>\n<\/div>    <\/div>\r\n    <\/section>\n\n<section class=\"block block-centertext\">\r\n    <div class=\"container\">\r\n        <div class=\"content-container reveal\">\r\n            <h2>Wohnmobilvermietung in Europa<\/h2><h3 class=\"text-align-center\">Internationales Touring Cars Vertriebsb\u00fcro<\/h3>\n<div class=\"buttons\"><a href=\"tel:+35898494050\" class=\"btn btn-wide\" target=\"_blank\" rel=\"noopener noreferrer\">tel. +358 9\u00a0849 4050<\/a><a href=\"mailto:info@touringcars.com\" class=\"btn btn-wide\">info@touringcars.com<\/a><\/div>        <\/div>\r\n    <\/div>\r\n<\/section>\n\n<section class=\"block block-contactform bg-white input-style-gray\">\r\n    <div class=\"container\">\r\n        <div class=\"content-container reveal\">\r\n            <div class=\"accordion accordion-sections\"><div class=\"accordion-section\"><div class=\"accordion-item\"><h4 class=\"accordion-header\" id=\"heading-nachricht-senden\"><button class=\"accordion-button\" type=\"button\" data-bs-toggle=\"collapse\" data-bs-target=\"#collapse-nachricht-senden\" aria-expanded=\"true\" aria-controls=\"collapse-nachricht-senden\">Nachricht senden<\/button><\/h4><div id=\"collapse-nachricht-senden\" class=\"accordion-collapse collapse show\" aria-labelledby=\"heading-nachricht-senden\"><div class=\"accordion-body\"><div class=\"accordion-body-container\"><div class=\"form-container\">\n<div class=\"wpcf7 no-js\" id=\"wpcf7-f12773-o1\" lang=\"de-DE\" dir=\"ltr\" data-wpcf7-id=\"12773\">\n<div class=\"screen-reader-response\"><p role=\"status\" aria-live=\"polite\" aria-atomic=\"true\"><\/p> <ul><\/ul><\/div>\n<form action=\"\/de\/wp-json\/wp\/v2\/pages\/14148#wpcf7-f12773-o1\" method=\"post\" class=\"wpcf7-form init\" aria-label=\"Kontaktformular\" novalidate=\"novalidate\" data-status=\"init\">\n<fieldset class=\"hidden-fields-container\"><input type=\"hidden\" name=\"_wpcf7\" value=\"12773\" \/><input type=\"hidden\" name=\"_wpcf7_version\" value=\"6.1.5\" \/><input type=\"hidden\" name=\"_wpcf7_locale\" value=\"de_DE\" \/><input type=\"hidden\" name=\"_wpcf7_unit_tag\" value=\"wpcf7-f12773-o1\" \/><input type=\"hidden\" name=\"_wpcf7_container_post\" value=\"0\" \/><input type=\"hidden\" name=\"_wpcf7_posted_data_hash\" value=\"\" \/><input type=\"hidden\" name=\"_wpcf7_recaptcha_response\" value=\"\" \/>\n<\/fieldset>\n<div class=\"form-row\">\n<div class=\"form-col\">\n<label>Vorname<\/label>\n<span class=\"wpcf7-form-control-wrap\" data-name=\"firstname\"><input size=\"40\" maxlength=\"400\" class=\"wpcf7-form-control wpcf7-text form-control form-control-gray  wpcf7-validates-as-required\" aria-required=\"true\" aria-invalid=\"false\" placeholder=\"Vorname\" value=\"\" type=\"text\" name=\"firstname\" \/><\/span>\n<\/div>\n<div class=\"form-col\">\n<label>Nachname<\/label>\n<span class=\"wpcf7-form-control-wrap\" data-name=\"lastname\"><input size=\"40\" maxlength=\"400\" class=\"wpcf7-form-control wpcf7-text form-control form-control-gray  wpcf7-validates-as-required\" aria-required=\"true\" aria-invalid=\"false\" placeholder=\"Nachname\" value=\"\" type=\"text\" name=\"lastname\" \/><\/span>\n<\/div>\n<\/div>\n\n<div class=\"form-row\">\n<div class=\"form-col\">\n<label>Rufnummer<\/label>\n<span class=\"wpcf7-form-control-wrap\" data-name=\"phone\"><input size=\"40\" maxlength=\"400\" class=\"wpcf7-form-control wpcf7-tel wpcf7-validates-as-required wpcf7-text form-control form-control-gray  wpcf7-validates-as-tel\" aria-required=\"true\" aria-invalid=\"false\" placeholder=\"Rufnummer\" value=\"\" type=\"tel\" name=\"phone\" \/><\/span>\n<\/div>\n<div class=\"form-col\">\n<label>Email-Adresse<\/label>\n<span class=\"wpcf7-form-control-wrap\" data-name=\"email\"><input size=\"40\" maxlength=\"400\" class=\"wpcf7-form-control wpcf7-email wpcf7-validates-as-required wpcf7-text form-control form-control-gray  wpcf7-validates-as-email\" aria-required=\"true\" aria-invalid=\"false\" placeholder=\"Email-Adresse\" value=\"\" type=\"email\" name=\"email\" \/><\/span>\n<\/div>\n<\/div>\n\n<div class=\"form-row\">\n<div class=\"form-col\">\n<label>Nachricht<\/label>\n<span class=\"wpcf7-form-control-wrap\" data-name=\"message\"><textarea cols=\"40\" rows=\"10\" maxlength=\"2000\" class=\"wpcf7-form-control wpcf7-text form-control form-control-gray area wpcf7-validates-as-required\" aria-required=\"true\" aria-invalid=\"false\" placeholder=\"Nachricht\" name=\"message\"><\/textarea><\/span>\n<\/div>\n<\/div>\n\n<div class=\"form-row\">\n<div class=\"form-col\">\n<input class=\"wpcf7-form-control wpcf7-submit has-spinner\" type=\"submit\" value=\"Senden Sie\" \/>\n<\/div>\n<\/div>\n\n<div class=\"form-row form-row-privacy\">\n<div class=\"form-col\">Mit dem Absenden dieses Formulars erkl\u00e4ren Sie sich mit dem Umgang mit Ihren Daten gem\u00e4\u00df unserer <a href=\"https:\/\/touringcars.com\/de\/privacy-policy-gdpr\/\" target=\"_blank\">Datenschutzrichtlinie<\/a> einverstanden.\n<\/div>\n<\/div>\n<input class=\"wpcf7-form-control wpcf7-hidden\" value=\"\" type=\"hidden\" name=\"irn\" \/><input class=\"wpcf7-form-control wpcf7-hidden\" value=\"\" type=\"hidden\" name=\"reference\" \/><div class=\"wpcf7-response-output\" aria-hidden=\"true\"><\/div>\n<\/form>\n<\/div>\n<\/div><\/div><\/div><\/div><\/div><\/div><\/div>        <\/div>\r\n    <\/div>\r\n<\/section>\n\n<section class=\"block block-postsgrid\">\r\n    <div class=\"container reveal\">\r\n        <h2>Kontaktdaten der Vermietungsstationen<\/h2><div class=\"glide articles-slider\" data-uid=\"69e2d4995ce95\"><div class=\"glide__track\" data-glide-el=\"track\"><ul class=\"glide__slides\"><li class=\"glide__slide\"><article class=\"article reveal\" data-location-code=\"HEL\" data-location-name=\"Helsinki\"><div class=\"image-container\"><a href=\"https:\/\/www.touringcars.com\/de\/rental-office\/helsinki-vantaa\/\"><img decoding=\"async\" src=\"https:\/\/www.touringcars.com\/wp-content\/uploads\/2025\/01\/juha-k-unsplash-helsinki-finland-city.jpg-525x300.webp\" srcset=\"https:\/\/www.touringcars.com\/wp-content\/uploads\/2025\/01\/juha-k-unsplash-helsinki-finland-city.jpg-300x171.webp 300w, https:\/\/www.touringcars.com\/wp-content\/uploads\/2025\/01\/juha-k-unsplash-helsinki-finland-city.jpg-1024x585.webp 1024w, https:\/\/www.touringcars.com\/wp-content\/uploads\/2025\/01\/juha-k-unsplash-helsinki-finland-city.jpg-768x439.webp 768w, https:\/\/www.touringcars.com\/wp-content\/uploads\/2025\/01\/juha-k-unsplash-helsinki-finland-city.jpg-1038x593.webp 1038w, https:\/\/www.touringcars.com\/wp-content\/uploads\/2025\/01\/juha-k-unsplash-helsinki-finland-city.jpg-714x408.webp 714w, https:\/\/www.touringcars.com\/wp-content\/uploads\/2025\/01\/juha-k-unsplash-helsinki-finland-city.jpg-525x300.webp 525w, https:\/\/www.touringcars.com\/wp-content\/uploads\/2025\/01\/juha-k-unsplash-helsinki-finland-city.jpg.webp 1400w\" alt=\"Helsinki\"><\/a><\/div><div class=\"content-container\"><h3><a href=\"https:\/\/www.touringcars.com\/de\/rental-office\/helsinki-vantaa\/\">Helsinki, Finnland<\/a><\/h3><p class=\"icon-link address\"><a href=\"https:\/\/www.touringcars.com\/de\/rental-office\/helsinki-vantaa\/\">Tiilenly\u00f6j\u00e4nkuja 6<br>01720 Vantaa<p class=\"icon-link phone\"><a href=\"tel:+358440566937\">+358440566937<\/a><\/p><p class=\"icon-link email\"><a href=\"mailto:helsinki@touringcars.com\">helsinki@touringcars.com<\/a><\/p><\/a><\/p><\/div><\/article><\/li><li class=\"glide__slide\"><article class=\"article reveal\" data-location-code=\"ROVS\" data-location-name=\"Rovaniemi\"><div class=\"image-container\"><a href=\"https:\/\/www.touringcars.com\/de\/rental-office\/rovaniemi\/\"><img decoding=\"async\" src=\"https:\/\/www.touringcars.com\/wp-content\/uploads\/2025\/02\/rovaniemi-450x300.jpg\" srcset=\"https:\/\/www.touringcars.com\/wp-content\/uploads\/2025\/02\/rovaniemi-300x200.jpg 300w, https:\/\/www.touringcars.com\/wp-content\/uploads\/2025\/02\/rovaniemi-1024x682.jpg 1024w, https:\/\/www.touringcars.com\/wp-content\/uploads\/2025\/02\/rovaniemi-768x512.jpg 768w, https:\/\/www.touringcars.com\/wp-content\/uploads\/2025\/02\/rovaniemi-1536x1024.jpg 1536w, https:\/\/www.touringcars.com\/wp-content\/uploads\/2025\/02\/rovaniemi-890x593.jpg 890w, https:\/\/www.touringcars.com\/wp-content\/uploads\/2025\/02\/rovaniemi-714x476.jpg 714w, https:\/\/www.touringcars.com\/wp-content\/uploads\/2025\/02\/rovaniemi-450x300.jpg 450w, https:\/\/www.touringcars.com\/wp-content\/uploads\/2025\/02\/rovaniemi-367x245.jpg 367w, https:\/\/www.touringcars.com\/wp-content\/uploads\/2025\/02\/rovaniemi.jpg 2000w\" alt=\"Rovaniemi\"><\/a><\/div><div class=\"content-container\"><h3><a href=\"https:\/\/www.touringcars.com\/de\/rental-office\/rovaniemi\/\">Rovaniemi, Finnland<\/a><\/h3><p class=\"icon-link address\"><a href=\"https:\/\/www.touringcars.com\/de\/rental-office\/rovaniemi\/\">Joulupukintie 1<br>96930 Rovaniemi<p class=\"icon-link phone\"><a href=\"tel:+358440566937\">+358440566937<\/a><\/p><p class=\"icon-link email\"><a href=\"mailto:rovaniemi@touringcars.com\">rovaniemi@touringcars.com<\/a><\/p><\/a><\/p><\/div><\/article><\/li><li class=\"glide__slide\"><article class=\"article reveal\" data-location-code=\"KEF\" data-location-name=\"Keflavik\"><div class=\"image-container\"><a href=\"https:\/\/www.touringcars.com\/de\/rental-office\/keflavik\/\"><img decoding=\"async\" src=\"https:\/\/www.touringcars.com\/wp-content\/uploads\/2025\/02\/iceland-525x300.webp\" srcset=\"https:\/\/www.touringcars.com\/wp-content\/uploads\/2025\/02\/iceland-300x171.webp 300w, https:\/\/www.touringcars.com\/wp-content\/uploads\/2025\/02\/iceland-1024x585.webp 1024w, https:\/\/www.touringcars.com\/wp-content\/uploads\/2025\/02\/iceland-768x439.webp 768w, https:\/\/www.touringcars.com\/wp-content\/uploads\/2025\/02\/iceland-1038x593.webp 1038w, https:\/\/www.touringcars.com\/wp-content\/uploads\/2025\/02\/iceland-714x408.webp 714w, https:\/\/www.touringcars.com\/wp-content\/uploads\/2025\/02\/iceland-525x300.webp 525w, https:\/\/www.touringcars.com\/wp-content\/uploads\/2025\/02\/iceland.webp 1400w\" alt=\"Keflavik\"><\/a><\/div><div class=\"content-container\"><h3><a href=\"https:\/\/www.touringcars.com\/de\/rental-office\/keflavik\/\">Keflavik, Island<\/a><\/h3><p class=\"icon-link address\"><a href=\"https:\/\/www.touringcars.com\/de\/rental-office\/keflavik\/\">Klettatr\u00f6\u00f0 6<br>262 Reykjanesb\u00e6r<p class=\"icon-link phone\"><a href=\"tel:+3548409853\">+3548409853<\/a><\/p><p class=\"icon-link email\"><a href=\"mailto:keflavik@touringcars.com\">keflavik@touringcars.com<\/a><\/p><\/a><\/p><\/div><\/article><\/li><li class=\"glide__slide\"><article class=\"article reveal\" data-location-code=\"AMS\" data-location-name=\"Amsterdam\"><div class=\"image-container\"><a href=\"https:\/\/www.touringcars.com\/de\/rental-office\/amsterdam\/\"><img decoding=\"async\" src=\"https:\/\/www.touringcars.com\/wp-content\/uploads\/2025\/11\/amstel-canal-amsterdam-2024-10-20-15-15-37-utc-574x383.jpg\" srcset=\"https:\/\/www.touringcars.com\/wp-content\/uploads\/2025\/11\/amstel-canal-amsterdam-2024-10-20-15-15-37-utc-300x200.jpg 300w, https:\/\/www.touringcars.com\/wp-content\/uploads\/2025\/11\/amstel-canal-amsterdam-2024-10-20-15-15-37-utc-1024x683.jpg 1024w, https:\/\/www.touringcars.com\/wp-content\/uploads\/2025\/11\/amstel-canal-amsterdam-2024-10-20-15-15-37-utc-768x512.jpg 768w, https:\/\/www.touringcars.com\/wp-content\/uploads\/2025\/11\/amstel-canal-amsterdam-2024-10-20-15-15-37-utc-1536x1024.jpg 1536w, https:\/\/www.touringcars.com\/wp-content\/uploads\/2025\/11\/amstel-canal-amsterdam-2024-10-20-15-15-37-utc-2048x1365.jpg 2048w, https:\/\/www.touringcars.com\/wp-content\/uploads\/2025\/11\/amstel-canal-amsterdam-2024-10-20-15-15-37-utc-1920x1280.jpg 1920w, https:\/\/www.touringcars.com\/wp-content\/uploads\/2025\/11\/amstel-canal-amsterdam-2024-10-20-15-15-37-utc-890x593.jpg 890w, https:\/\/www.touringcars.com\/wp-content\/uploads\/2025\/11\/amstel-canal-amsterdam-2024-10-20-15-15-37-utc-714x476.jpg 714w, https:\/\/www.touringcars.com\/wp-content\/uploads\/2025\/11\/amstel-canal-amsterdam-2024-10-20-15-15-37-utc-574x383.jpg 574w, https:\/\/www.touringcars.com\/wp-content\/uploads\/2025\/11\/amstel-canal-amsterdam-2024-10-20-15-15-37-utc-367x245.jpg 367w\" alt=\"Amsterdam\"><\/a><\/div><div class=\"content-container\"><h3><a href=\"https:\/\/www.touringcars.com\/de\/rental-office\/amsterdam\/\">Amsterdam, Niederlande<\/a><\/h3><p class=\"icon-link address\"><a href=\"https:\/\/www.touringcars.com\/de\/rental-office\/amsterdam\/\">Hoevelakenseweg 76<br>3784 Terschuur<p class=\"icon-link phone\"><a href=\"tel:+31 85 4868 538\">+31 85 4868 538<\/a><\/p><p class=\"icon-link email\"><a href=\"mailto:amsterdam@touringcars.com\">amsterdam@touringcars.com<\/a><\/p><\/a><\/p><\/div><\/article><\/li><li class=\"glide__slide\"><article class=\"article reveal\" data-location-code=\"OSL\" data-location-name=\"Oslo\"><div class=\"image-container\"><a href=\"https:\/\/www.touringcars.com\/de\/rental-office\/oslo\/\"><img decoding=\"async\" src=\"https:\/\/www.touringcars.com\/wp-content\/uploads\/2025\/02\/christoph-grabietz-unsplash-norway-atlantic-road.jpg-525x300.webp\" srcset=\"https:\/\/www.touringcars.com\/wp-content\/uploads\/2025\/02\/christoph-grabietz-unsplash-norway-atlantic-road.jpg-300x171.webp 300w, https:\/\/www.touringcars.com\/wp-content\/uploads\/2025\/02\/christoph-grabietz-unsplash-norway-atlantic-road.jpg-1024x585.webp 1024w, https:\/\/www.touringcars.com\/wp-content\/uploads\/2025\/02\/christoph-grabietz-unsplash-norway-atlantic-road.jpg-768x439.webp 768w, https:\/\/www.touringcars.com\/wp-content\/uploads\/2025\/02\/christoph-grabietz-unsplash-norway-atlantic-road.jpg-1038x593.webp 1038w, https:\/\/www.touringcars.com\/wp-content\/uploads\/2025\/02\/christoph-grabietz-unsplash-norway-atlantic-road.jpg-714x408.webp 714w, https:\/\/www.touringcars.com\/wp-content\/uploads\/2025\/02\/christoph-grabietz-unsplash-norway-atlantic-road.jpg-525x300.webp 525w, https:\/\/www.touringcars.com\/wp-content\/uploads\/2025\/02\/christoph-grabietz-unsplash-norway-atlantic-road.jpg.webp 1400w\" alt=\"Oslo\"><\/a><\/div><div class=\"content-container\"><h3><a href=\"https:\/\/www.touringcars.com\/de\/rental-office\/oslo\/\">Oslo, Norwegen<\/a><\/h3><p class=\"icon-link address\"><a href=\"https:\/\/www.touringcars.com\/de\/rental-office\/oslo\/\">Industrivegen 17<br>2050 Jessheim<p class=\"icon-link phone\"><a href=\"tel:+47 40056309\">+47 40056309<\/a><\/p><p class=\"icon-link email\"><a href=\"mailto:oslo@touringcars.eu\">oslo@touringcars.eu<\/a><\/p><\/a><\/p><\/div><\/article><\/li><li class=\"glide__slide\"><article class=\"article reveal\" data-location-code=\"TRM\" data-location-name=\"Troms\u00f8\"><div class=\"image-container\"><a href=\"https:\/\/www.touringcars.com\/de\/rental-office\/tromso\/\"><img decoding=\"async\" src=\"https:\/\/www.touringcars.com\/wp-content\/uploads\/2025\/01\/GEIRANGER-FJORD-norway-web-450x300.jpg\" srcset=\"https:\/\/www.touringcars.com\/wp-content\/uploads\/2025\/01\/GEIRANGER-FJORD-norway-web-300x200.jpg 300w, https:\/\/www.touringcars.com\/wp-content\/uploads\/2025\/01\/GEIRANGER-FJORD-norway-web-1024x682.jpg 1024w, https:\/\/www.touringcars.com\/wp-content\/uploads\/2025\/01\/GEIRANGER-FJORD-norway-web-768x511.jpg 768w, https:\/\/www.touringcars.com\/wp-content\/uploads\/2025\/01\/GEIRANGER-FJORD-norway-web-890x593.jpg 890w, https:\/\/www.touringcars.com\/wp-content\/uploads\/2025\/01\/GEIRANGER-FJORD-norway-web-714x476.jpg 714w, https:\/\/www.touringcars.com\/wp-content\/uploads\/2025\/01\/GEIRANGER-FJORD-norway-web-450x300.jpg 450w, https:\/\/www.touringcars.com\/wp-content\/uploads\/2025\/01\/GEIRANGER-FJORD-norway-web-367x245.jpg 367w, https:\/\/www.touringcars.com\/wp-content\/uploads\/2025\/01\/GEIRANGER-FJORD-norway-web.jpg 1500w\" alt=\"Troms\u00f8\"><\/a><\/div><div class=\"content-container\"><h3><a href=\"https:\/\/www.touringcars.com\/de\/rental-office\/tromso\/\">Troms\u00f8, Norwegen<\/a><\/h3><p class=\"icon-link address\"><a href=\"https:\/\/www.touringcars.com\/de\/rental-office\/tromso\/\">Ringvegen 21<br>9018 <p class=\"icon-link phone\"><a href=\"tel:+47 4009 0845\">+47 4009 0845<\/a><\/p><p class=\"icon-link email\"><a href=\"mailto:tromso@touringcars.com\">tromso@touringcars.com<\/a><\/p><\/a><\/p><\/div><\/article><\/li><li class=\"glide__slide\"><article class=\"article reveal\" data-location-code=\"STO\" data-location-name=\"Stockholm\"><div class=\"image-container\"><a href=\"https:\/\/www.touringcars.com\/de\/rental-office\/stockholm\/\"><img decoding=\"async\" src=\"https:\/\/www.touringcars.com\/wp-content\/uploads\/2025\/01\/sweden-stockholm-alicja-gancarz-unsplash.jpg-525x300.webp\" srcset=\"https:\/\/www.touringcars.com\/wp-content\/uploads\/2025\/01\/sweden-stockholm-alicja-gancarz-unsplash.jpg-300x171.webp 300w, https:\/\/www.touringcars.com\/wp-content\/uploads\/2025\/01\/sweden-stockholm-alicja-gancarz-unsplash.jpg-1024x585.webp 1024w, https:\/\/www.touringcars.com\/wp-content\/uploads\/2025\/01\/sweden-stockholm-alicja-gancarz-unsplash.jpg-768x439.webp 768w, https:\/\/www.touringcars.com\/wp-content\/uploads\/2025\/01\/sweden-stockholm-alicja-gancarz-unsplash.jpg-1038x593.webp 1038w, https:\/\/www.touringcars.com\/wp-content\/uploads\/2025\/01\/sweden-stockholm-alicja-gancarz-unsplash.jpg-714x408.webp 714w, https:\/\/www.touringcars.com\/wp-content\/uploads\/2025\/01\/sweden-stockholm-alicja-gancarz-unsplash.jpg-525x300.webp 525w, https:\/\/www.touringcars.com\/wp-content\/uploads\/2025\/01\/sweden-stockholm-alicja-gancarz-unsplash.jpg.webp 1400w\" alt=\"Stockholm\"><\/a><\/div><div class=\"content-container\"><h3><a href=\"https:\/\/www.touringcars.com\/de\/rental-office\/stockholm\/\">Stockholm, Schweden<\/a><\/h3><p class=\"icon-link address\"><a href=\"https:\/\/www.touringcars.com\/de\/rental-office\/stockholm\/\">Bristagatan 12<br>19560 <p class=\"icon-link phone\"><a href=\"tel:+46 (0)70 2884230 \">+46 (0)70 2884230 <\/a><\/p><p class=\"icon-link email\"><a href=\"mailto:stockholm@touringcars.com\">stockholm@touringcars.com<\/a><\/p><\/a><\/p><\/div><\/article><\/li><li class=\"glide__slide\"><article class=\"article reveal\" data-location-code=\"TAL\" data-location-name=\"Tallinn\"><div class=\"image-container\"><a href=\"https:\/\/www.touringcars.com\/de\/rental-office\/tallinn\/\"><img decoding=\"async\" src=\"https:\/\/www.touringcars.com\/wp-content\/uploads\/2025\/02\/estonia-558x145.webp\" srcset=\"https:\/\/www.touringcars.com\/wp-content\/uploads\/2025\/02\/estonia-300x78.webp 300w, https:\/\/www.touringcars.com\/wp-content\/uploads\/2025\/02\/estonia-1024x267.webp 1024w, https:\/\/www.touringcars.com\/wp-content\/uploads\/2025\/02\/estonia-768x200.webp 768w, https:\/\/www.touringcars.com\/wp-content\/uploads\/2025\/02\/estonia-1536x400.webp 1536w, https:\/\/www.touringcars.com\/wp-content\/uploads\/2025\/02\/estonia-1400x365.webp 1400w, https:\/\/www.touringcars.com\/wp-content\/uploads\/2025\/02\/estonia-714x186.webp 714w, https:\/\/www.touringcars.com\/wp-content\/uploads\/2025\/02\/estonia-558x145.webp 558w, https:\/\/www.touringcars.com\/wp-content\/uploads\/2025\/02\/estonia.webp 1920w\" alt=\"Tallinn\"><\/a><\/div><div class=\"content-container\"><h3><a href=\"https:\/\/www.touringcars.com\/de\/rental-office\/tallinn\/\">Tallinn, Estland<\/a><\/h3><p class=\"icon-link address\"><a href=\"https:\/\/www.touringcars.com\/de\/rental-office\/tallinn\/\">H\u00e4rgm\u00e4e 24<br>13525 Tallinn<p class=\"icon-link phone\"><a href=\"tel:+372 56 681 018\">+372 56 681 018<\/a><\/p><p class=\"icon-link email\"><a href=\"mailto:tallinn@touringcars.com\">tallinn@touringcars.com<\/a><\/p><\/a><\/p><\/div><\/article><\/li><li class=\"glide__slide\"><article class=\"article reveal\" data-location-code=\"MAN\" data-location-name=\"Chester\"><div class=\"image-container\"><a href=\"https:\/\/www.touringcars.com\/de\/rental-office\/chester\/\"><img decoding=\"async\" src=\"https:\/\/www.touringcars.com\/wp-content\/uploads\/2025\/02\/UK.jpg-558x145.webp\" srcset=\"https:\/\/www.touringcars.com\/wp-content\/uploads\/2025\/02\/UK.jpg-300x78.webp 300w, https:\/\/www.touringcars.com\/wp-content\/uploads\/2025\/02\/UK.jpg-1024x267.webp 1024w, https:\/\/www.touringcars.com\/wp-content\/uploads\/2025\/02\/UK.jpg-768x200.webp 768w, https:\/\/www.touringcars.com\/wp-content\/uploads\/2025\/02\/UK.jpg-1536x400.webp 1536w, https:\/\/www.touringcars.com\/wp-content\/uploads\/2025\/02\/UK.jpg-1400x365.webp 1400w, https:\/\/www.touringcars.com\/wp-content\/uploads\/2025\/02\/UK.jpg-714x186.webp 714w, https:\/\/www.touringcars.com\/wp-content\/uploads\/2025\/02\/UK.jpg-558x145.webp 558w, https:\/\/www.touringcars.com\/wp-content\/uploads\/2025\/02\/UK.jpg.webp 1920w\" alt=\"Chester\"><\/a><\/div><div class=\"content-container\"><h3><a href=\"https:\/\/www.touringcars.com\/de\/rental-office\/chester\/\">Chester, Gro\u00dfbritannien<\/a><\/h3><p class=\"icon-link address\"><a href=\"https:\/\/www.touringcars.com\/de\/rental-office\/chester\/\">Ellesmere Port<br>Ch65 3dd <p class=\"icon-link phone\"><a href=\"tel:+44 737 637 6202\">+44 737 637 6202<\/a><\/p><p class=\"icon-link email\"><a href=\"mailto:manchester@touringcars.com\">manchester@touringcars.com<\/a><\/p><\/a><\/p><\/div><\/article><\/li><\/ul><\/div><div class=\"glide__controls\"><div class=\"glide__arrows\" data-glide-el=\"controls\"><span class=\"glide__arrow glide__arrow--left\" data-glide-dir=\"<\"><\/span><span class=\"glide__arrow glide__arrow--right\" data-glide-dir=\">&#8222;><\/span><\/div><div class=\"glide__bullets\" data-glide-el=\"controls[nav]\"><span class=\"glide__bullet\" data-glide-dir=\"=0\" data-parent-uid=\"69e2d4995ce95\"><\/span><span class=\"glide__bullet\" data-glide-dir=\"=1\" data-parent-uid=\"69e2d4995ce95\"><\/span><span class=\"glide__bullet\" data-glide-dir=\"=2\" data-parent-uid=\"69e2d4995ce95\"><\/span><span class=\"glide__bullet\" data-glide-dir=\"=3\" data-parent-uid=\"69e2d4995ce95\"><\/span><span class=\"glide__bullet\" data-glide-dir=\"=4\" data-parent-uid=\"69e2d4995ce95\"><\/span><span class=\"glide__bullet\" data-glide-dir=\"=5\" data-parent-uid=\"69e2d4995ce95\"><\/span><span class=\"glide__bullet\" data-glide-dir=\"=6\" data-parent-uid=\"69e2d4995ce95\"><\/span><span class=\"glide__bullet\" data-glide-dir=\"=7\" data-parent-uid=\"69e2d4995ce95\"><\/span><span class=\"glide__bullet\" data-glide-dir=\"=8\" data-parent-uid=\"69e2d4995ce95\"><\/span><\/div><\/div><\/div>    <\/div>\r\n<\/section>\n\n<section class=\"block block-availabilitysearch\">\r\n    <div class=\"container\"><form class=\"availability-search\"><h2>Ihr Wohnmobil-Abenteuer kann beginnen<\/h2><div class=\"form-row\"><div class=\"form-col form-col-clearable input-icon input-icon-map\" data-target=\"where\"><label for=\"where\">Abholort<\/label><input type=\"text\" class=\"form-control\" id=\"where\" name=\"where\" placeholder=\"Abholort\"><\/div><div class=\"form-col form-col-clearable input-icon input-icon-calendar\" data-target=\"when\"><label for=\"when\">Abhol- und R\u00fcckgabezeit<\/label><input type=\"text\" class=\"form-control\" id=\"when\" name=\"when\" placeholder=\"Abhol- und R\u00fcckgabezeit\" disabled><\/div><div class=\"form-col\"><button type=\"submit\" class=\"btn\">Preise &amp; Verf\u00fcgbarkeit sehen<\/button><\/div><\/div><a href=\"https:\/\/www.touringcars.com\/de\/user\/login\/\">Bereits gebucht? Buchung verwalten<\/a><\/form><\/div><\/section>","protected":false},"excerpt":{"rendered":"","protected":false},"author":2,"featured_media":0,"parent":0,"menu_order":401,"comment_status":"closed","ping_status":"closed","template":"","meta":{"_acf_changed":false,"footnotes":""},"class_list":["post-14148","page","type-page","status-publish","hentry"],"acf":[],"_links":{"self":[{"href":"https:\/\/www.touringcars.com\/de\/wp-json\/wp\/v2\/pages\/14148","targetHints":{"allow":["GET"]}}],"collection":[{"href":"https:\/\/www.touringcars.com\/de\/wp-json\/wp\/v2\/pages"}],"about":[{"href":"https:\/\/www.touringcars.com\/de\/wp-json\/wp\/v2\/types\/page"}],"author":[{"embeddable":true,"href":"https:\/\/www.touringcars.com\/de\/wp-json\/wp\/v2\/users\/2"}],"replies":[{"embeddable":true,"href":"https:\/\/www.touringcars.com\/de\/wp-json\/wp\/v2\/comments?post=14148"}],"version-history":[{"count":18,"href":"https:\/\/www.touringcars.com\/de\/wp-json\/wp\/v2\/pages\/14148\/revisions"}],"predecessor-version":[{"id":27344,"href":"https:\/\/www.touringcars.com\/de\/wp-json\/wp\/v2\/pages\/14148\/revisions\/27344"}],"wp:attachment":[{"href":"https:\/\/www.touringcars.com\/de\/wp-json\/wp\/v2\/media?parent=14148"}],"curies":[{"name":"wp","href":"https:\/\/api.w.org\/{rel}","templated":true}]}}